{"id":510,"date":"2019-04-09T16:56:43","date_gmt":"2019-04-09T14:56:43","guid":{"rendered":"https:\/\/www.h2print.se\/?page_id=510"},"modified":"2019-04-24T16:35:02","modified_gmt":"2019-04-24T14:35:02","slug":"kundnytta","status":"publish","type":"page","link":"https:\/\/www.h2print.com\/en\/kundnytta\/","title":{"rendered":"Kundnytta"},"content":{"rendered":"<div      class=\"vc_row wpb_row section vc_row-fluid\" style=' text-align:left;'><div class=\"full_section_inner clearfix\"><div class=\"wpb_column vc_column_container vc_col-sm-12\"><div class=\"vc_column-inner\"><div class=\"wpb_wrapper\">\t<div class=\"vc_empty_space\"  style=\"height: 200px\" ><span\n\t\t\tclass=\"vc_empty_space_inner\">\n\t\t\t<span class=\"empty_space_image\"  ><\/span>\n\t\t<\/span><\/div>\n\n<\/div><\/div><\/div><\/div><\/div><div      class=\"vc_row wpb_row section vc_row-fluid  grid_section\" style=' text-align:left;'><div class=\"section_inner clearfix\"><div class='section_inner_margin clearfix'><div class=\"wpb_column vc_column_container vc_col-sm-12\"><div class=\"vc_column-inner\"><div class=\"wpb_wrapper\">\n\t<div class=\"wpb_text_column wpb_content_element\">\n\t\t<div class=\"wpb_wrapper\">\n\t\t\t<h1 style=\"text-align: center;\">Kundnytta<\/h1>\n\n\t\t<\/div> \n\t<\/div> \t<div class=\"vc_empty_space\"  style=\"height: 100px\" ><span\n\t\t\tclass=\"vc_empty_space_inner\">\n\t\t\t<span class=\"empty_space_image\"  ><\/span>\n\t\t<\/span><\/div>\n\n<\/div><\/div><\/div><\/div><\/div><\/div><div      class=\"vc_row wpb_row section vc_row-fluid  vc_custom_1556116475390 grid_section\" style=' text-align:left;'><div class=\"section_inner clearfix\"><div class='section_inner_margin clearfix'><div class=\"wpb_column vc_column_container vc_col-sm-12 vc_col-lg-6 vc_col-md-6\"><div class=\"vc_column-inner\"><div class=\"wpb_wrapper\">\n\t<div class=\"wpb_text_column wpb_content_element\">\n\t\t<div class=\"wpb_wrapper\">\n\t\t\t<h2>Personligt engagemang<\/h2>\n\n\t\t<\/div> \n\t<\/div> \t<div class=\"vc_empty_space\"  style=\"height: 27px\" ><span\n\t\t\tclass=\"vc_empty_space_inner\">\n\t\t\t<span class=\"empty_space_image\"  ><\/span>\n\t\t<\/span><\/div>\n\n\n\t<div class=\"wpb_text_column wpb_content_element\">\n\t\t<div class=\"wpb_wrapper\">\n\t\t\t<p>F\u00f6r oss \u00e4r den personliga kontakten A och O, vi p\u00e5 H2 Print har m\u00e5nga \u00e5rs erfarenhet av den grafiska branschen, och vi vet att inga system kan ers\u00e4tta den personliga kontakten. Hos oss har du bara en<\/p>\n<p>kontaktperson som vet vad som \u00e4r speciellt viktigt f\u00f6r just dig. Som l\u00e4rt sig hur man f\u00e5r till exakt r\u00e4tt f\u00e4rg varje g\u00e5ng, som vet vilket papper som l\u00e4mpar sig b\u00e4st f\u00f6r just era trycksaker och som du vet att du alltid kan lita p\u00e5 g\u00f6r sitt yttersta f\u00f6r att du ska bli s\u00e5 n\u00f6jd som m\u00f6jligt.<\/p>\n\n\t\t<\/div> \n\t<\/div> \t<div class=\"vc_empty_space\"  style=\"height: 30px\" ><span\n\t\t\tclass=\"vc_empty_space_inner\">\n\t\t\t<span class=\"empty_space_image\"  ><\/span>\n\t\t<\/span><\/div>\n\n<\/div><\/div><\/div><div class=\"wpb_column vc_column_container vc_col-sm-12 vc_col-lg-6 vc_col-md-6\"><div class=\"vc_column-inner\"><div class=\"wpb_wrapper\">\n\t<div class=\"wpb_text_column wpb_content_element\">\n\t\t<div class=\"wpb_wrapper\">\n\t\t\t<h2>Spara tid<\/h2>\n\n\t\t<\/div> \n\t<\/div> \t<div class=\"vc_empty_space\"  style=\"height: 27px\" ><span\n\t\t\tclass=\"vc_empty_space_inner\">\n\t\t\t<span class=\"empty_space_image\"  ><\/span>\n\t\t<\/span><\/div>\n\n\n\t<div class=\"wpb_text_column wpb_content_element\">\n\t\t<div class=\"wpb_wrapper\">\n\t\t\t<p>Med H2 Group f\u00e5r du det b\u00e4sta fr\u00e5n tv\u00e5 v\u00e4rldar. F\u00f6r det f\u00f6rsta, vi besparar dig det tidskr\u00e4vande arbetet med att finna r\u00e4tt tryckeri f\u00f6r dina olika trycksaksbehov. Det arbetet g\u00f6r vi \u00e5t dig.<\/p>\n\n\t\t<\/div> \n\t<\/div> \t<div class=\"vc_empty_space\"  style=\"height: 30px\" ><span\n\t\t\tclass=\"vc_empty_space_inner\">\n\t\t\t<span class=\"empty_space_image\"  ><\/span>\n\t\t<\/span><\/div>\n\n<\/div><\/div><\/div><\/div><\/div><\/div><div      class=\"vc_row wpb_row section vc_row-fluid  vc_custom_1556116489115 grid_section\" style=' text-align:left;'><div class=\"section_inner clearfix\"><div class='section_inner_margin clearfix'><div class=\"wpb_column vc_column_container vc_col-sm-12 vc_col-lg-6 vc_col-md-6\"><div class=\"vc_column-inner\"><div class=\"wpb_wrapper\">\n\t<div class=\"wpb_text_column wpb_content_element\">\n\t\t<div class=\"wpb_wrapper\">\n\t\t\t<h2>Long-term collaboration<\/h2>\n\n\t\t<\/div> \n\t<\/div> \t<div class=\"vc_empty_space\"  style=\"height: 27px\" ><span\n\t\t\tclass=\"vc_empty_space_inner\">\n\t\t\t<span class=\"empty_space_image\"  ><\/span>\n\t\t<\/span><\/div>\n\n\n\t<div class=\"wpb_text_column wpb_content_element\">\n\t\t<div class=\"wpb_wrapper\">\n\t\t\t<p>Ytterligare f\u00f6rdelar f\u00f6r dig som kund \u00e4r tryggheten att l\u00e5ngsiktigt kunna arbeta med en ekonomiskt solid partner. Vidare inneb\u00e4r v\u00e5rt koncept en st\u00f6rre flexibilitet och h\u00f6gre leveranss\u00e4kerhet. Tack vare flera partners \u00e4r vi i det n\u00e4rmaste ok\u00e4nsliga f\u00f6r eventuella driftst\u00f6rningar. Det betyder att du som kund till oss kan k\u00e4nna dig trygg med att dina trycksaker kommer fram i utlovad tid. P\u00e5 rekordkort tid.<\/p>\n\n\t\t<\/div> \n\t<\/div> \t<div class=\"vc_empty_space\"  style=\"height: 30px\" ><span\n\t\t\tclass=\"vc_empty_space_inner\">\n\t\t\t<span class=\"empty_space_image\"  ><\/span>\n\t\t<\/span><\/div>\n\n<\/div><\/div><\/div><div class=\"wpb_column vc_column_container vc_col-sm-12 vc_col-lg-6 vc_col-md-6\"><div class=\"vc_column-inner\"><div class=\"wpb_wrapper\">\n\t<div class=\"wpb_text_column wpb_content_element\">\n\t\t<div class=\"wpb_wrapper\">\n\t\t\t<h2>Vi hittar l\u00f6sningar\u2026<\/h2>\n\n\t\t<\/div> \n\t<\/div> \t<div class=\"vc_empty_space\"  style=\"height: 27px\" ><span\n\t\t\tclass=\"vc_empty_space_inner\">\n\t\t\t<span class=\"empty_space_image\"  ><\/span>\n\t\t<\/span><\/div>\n\n\n\t<div class=\"wpb_text_column wpb_content_element\">\n\t\t<div class=\"wpb_wrapper\">\n\t\t\t<p>En stor del av v\u00e5rt dagliga arbete \u00e4r att finna \u00e4nnu b\u00e4ttre l\u00f6sningar f\u00f6r v\u00e5ra kunder. Vi vet av erfarenhet att det g\u00e5r att finna b\u00e4ttre och smartare l\u00f6sningar. Bara man har tillr\u00e4ckligt med tid. Den tiden har oftast inte v\u00e5ra kunder, men vi har det.<\/p>\n<p>Det \u00e4r v\u00e5rt jobb och ansvar gentemot v\u00e5ra kunder att hela tiden utveckla v\u00e5rt koncept och bli \u00e4nnu b\u00e4ttre.<\/p>\n\n\t\t<\/div> \n\t<\/div> \t<div class=\"vc_empty_space\"  style=\"height: 30px\" ><span\n\t\t\tclass=\"vc_empty_space_inner\">\n\t\t\t<span class=\"empty_space_image\"  ><\/span>\n\t\t<\/span><\/div>\n\n<\/div><\/div><\/div><\/div><\/div><\/div>","protected":false},"excerpt":{"rendered":"Kundnytta Personligt engagemang F\u00f6r oss \u00e4r den personliga kontakten A och O, vi p\u00e5 H2 Print har m\u00e5nga \u00e5rs erfarenhet av den grafiska branschen, och vi vet att inga system...","protected":false},"author":6,"featured_media":0,"parent":0,"menu_order":0,"comment_status":"closed","ping_status":"closed","template":"full_width.php","meta":{"content-type":"","footnotes":""},"class_list":["post-510","page","type-page","status-publish","hentry"],"_links":{"self":[{"href":"https:\/\/www.h2print.com\/en\/wp-json\/wp\/v2\/pages\/510"}],"collection":[{"href":"https:\/\/www.h2print.com\/en\/wp-json\/wp\/v2\/pages"}],"about":[{"href":"https:\/\/www.h2print.com\/en\/wp-json\/wp\/v2\/types\/page"}],"author":[{"embeddable":true,"href":"https:\/\/www.h2print.com\/en\/wp-json\/wp\/v2\/users\/6"}],"replies":[{"embeddable":true,"href":"https:\/\/www.h2print.com\/en\/wp-json\/wp\/v2\/comments?post=510"}],"version-history":[{"count":12,"href":"https:\/\/www.h2print.com\/en\/wp-json\/wp\/v2\/pages\/510\/revisions"}],"predecessor-version":[{"id":782,"href":"https:\/\/www.h2print.com\/en\/wp-json\/wp\/v2\/pages\/510\/revisions\/782"}],"wp:attachment":[{"href":"https:\/\/www.h2print.com\/en\/wp-json\/wp\/v2\/media?parent=510"}],"curies":[{"name":"wp","href":"https:\/\/api.w.org\/{rel}","templated":true}]}}