{"id":1526,"date":"2020-12-15T08:57:02","date_gmt":"2020-12-15T07:57:02","guid":{"rendered":"https:\/\/www.h2print.se\/?page_id=1526"},"modified":"2020-12-15T11:01:01","modified_gmt":"2020-12-15T10:01:01","slug":"trycksaker-goteborg","status":"publish","type":"page","link":"https:\/\/www.h2print.com\/en\/trycksaker-goteborg\/","title":{"rendered":"Trycksaker G\u00f6teborg"},"content":{"rendered":"<div      class=\"vc_row wpb_row section vc_row-fluid  vc_custom_1556190036236 grid_section\" style=' text-align:center;'><div class=\"section_inner clearfix\"><div class='section_inner_margin clearfix'><div class=\"wpb_column vc_column_container vc_col-sm-12\"><div class=\"vc_column-inner\"><div class=\"wpb_wrapper\">\t<div class=\"vc_empty_space\"  style=\"height: 150px\" ><span\n\t\t\tclass=\"vc_empty_space_inner\">\n\t\t\t<span class=\"empty_space_image\"  ><\/span>\n\t\t<\/span><\/div>\n\n\n\t<div class=\"wpb_text_column wpb_content_element\">\n\t\t<div class=\"wpb_wrapper\">\n\t\t\t<h1 style=\"text-align: center;\">Trycksaker G\u00f6teborg<\/h1>\n\n\t\t<\/div> \n\t<\/div> \t<div class=\"vc_empty_space\"  style=\"height: 22px\" ><span\n\t\t\tclass=\"vc_empty_space_inner\">\n\t\t\t<span class=\"empty_space_image\"  ><\/span>\n\t\t<\/span><\/div>\n\n<\/div><\/div><\/div><\/div><\/div><\/div><div      class=\"vc_row wpb_row section vc_row-fluid  qode-elements-border-radius vc_custom_1556190027539 grid_section\" style=' text-align:left;'><div class=\"section_inner clearfix\"><div class='section_inner_margin clearfix'><div class=\"wpb_column vc_column_container vc_col-sm-12 vc_col-lg-4 vc_col-md-4\"><div class=\"vc_column-inner vc_custom_1522848503916\"><div class=\"wpb_wrapper\"><div class='q_elements_holder one_column responsive_mode_from_768' ><div class='q_elements_item  data-animation='no' data-item-class='q_elements_holder_custom_580082' style='background-color:#ffffff;'><div class='q_elements_item_inner'><div class='q_elements_item_content q_elements_holder_custom_580082' style='padding:50px 22px 50px 35px'>\n\t<div class=\"wpb_text_column wpb_content_element\">\n\t\t<div class=\"wpb_wrapper\">\n\t\t\t<h4>Catalogue printing<\/h4>\n\n\t\t<\/div> \n\t<\/div> \t<div class=\"vc_empty_space\"  style=\"height: 22px\" ><span\n\t\t\tclass=\"vc_empty_space_inner\">\n\t\t\t<span class=\"empty_space_image\"  ><\/span>\n\t\t<\/span><\/div>\n\n\n\t<div class=\"wpb_text_column wpb_content_element\">\n\t\t<div class=\"wpb_wrapper\">\n\t\t\t<p>Format, pappersval, sidantal. Det finns m\u00e5nga aspekter att r\u00e4kna in vid ett katalogtryck, men vi finns h\u00e4r och \u00e4r med dig under hela processen. Vi p\u00e5 H2 Print hj\u00e4lper dig igenom alla steg och ser till att du f\u00e5r en produktion som \u00e4r h\u00e5llbar b\u00e5de ur ett ekonomiskt och milj\u00f6v\u00e4nligt perspektiv. Med en l\u00e5ng erfarenhet av katalogtryck, kan vi g\u00f6ra din vision till verklighet.<\/p>\n\n\t\t<\/div> \n\t<\/div> <\/div><\/div><\/div><\/div><\/div><\/div><\/div><div class=\"wpb_column vc_column_container vc_col-sm-12 vc_col-lg-4 vc_col-md-4\"><div class=\"vc_column-inner vc_custom_1522848552692\"><div class=\"wpb_wrapper\"><div class='q_elements_holder one_column responsive_mode_from_768' ><div class='q_elements_item  data-animation='no' data-item-class='q_elements_holder_custom_447999' style='background-color:#ffffff;'><div class='q_elements_item_inner'><div class='q_elements_item_content q_elements_holder_custom_447999' style='padding:50px 22px 50px 35px'>\n\t<div class=\"wpb_text_column wpb_content_element\">\n\t\t<div class=\"wpb_wrapper\">\n\t\t\t<h4>Magazine printing<\/h4>\n\n\t\t<\/div> \n\t<\/div> \t<div class=\"vc_empty_space\"  style=\"height: 22px\" ><span\n\t\t\tclass=\"vc_empty_space_inner\">\n\t\t\t<span class=\"empty_space_image\"  ><\/span>\n\t\t<\/span><\/div>\n\n\n\t<div class=\"wpb_text_column wpb_content_element\">\n\t\t<div class=\"wpb_wrapper\">\n\t\t\t<p>Tidningar har existerat i m\u00e5nga \u00e5r och finns idag i en m\u00e4ngd olika varianter. Kundtidning, nyhetsbrev eller reklamblad? Oavsett vilken variant, s\u00e5 ser vi till att jobbet blir gjort. Med moderna tekniker och skickliga samarbetspartner f\u00e5r du en effektiv process och ett resultat som uppfyller dina f\u00f6rv\u00e4ntningar.<\/p>\n\n\t\t<\/div> \n\t<\/div> <\/div><\/div><\/div><\/div><\/div><\/div><\/div><div class=\"wpb_column vc_column_container vc_col-sm-12 vc_col-lg-4 vc_col-md-4\"><div class=\"vc_column-inner vc_custom_1522848558559\"><div class=\"wpb_wrapper\"><div class='q_elements_holder one_column responsive_mode_from_768' ><div class='q_elements_item  data-animation='no' data-item-class='q_elements_holder_custom_835339' style='background-color:#ffffff;'><div class='q_elements_item_inner'><div class='q_elements_item_content q_elements_holder_custom_835339' style='padding:50px 22px 50px 35px'>\n\t<div class=\"wpb_text_column wpb_content_element\">\n\t\t<div class=\"wpb_wrapper\">\n\t\t\t<h4><a href=\"https:\/\/www.h2print.com\/en\/boktryck-goteborg\/\">Book printing<\/a><\/h4>\n\n\t\t<\/div> \n\t<\/div> \t<div class=\"vc_empty_space\"  style=\"height: 22px\" ><span\n\t\t\tclass=\"vc_empty_space_inner\">\n\t\t\t<span class=\"empty_space_image\"  ><\/span>\n\t\t<\/span><\/div>\n\n\n\t<div class=\"wpb_text_column wpb_content_element\">\n\t\t<div class=\"wpb_wrapper\">\n\t\t\t<p>F\u00f6r speciella tillf\u00e4llen finns det inget som sl\u00e5r en hederlig bok. Trots digitaliseringen lever b\u00f6cker fortfarande kvar. Vi erbjuder boktryck f\u00f6r s\u00e5v\u00e4l pocketb\u00f6cker som inbundna b\u00f6cker och allt d\u00e4remellan. Hos oss finns en stor kompetens av boktryck och vi kan se till att du f\u00e5r ett resultat helt utefter dina f\u00f6rv\u00e4ntningar.<\/p>\n\n\t\t<\/div> \n\t<\/div> <\/div><\/div><\/div><\/div><\/div><\/div><\/div><\/div><\/div><\/div><div      class=\"vc_row wpb_row section vc_row-fluid  qode-elements-border-radius vc_custom_1556203501877 grid_section\" style=' text-align:left;'><div class=\"section_inner clearfix\"><div class='section_inner_margin clearfix'><div class=\"wpb_column vc_column_container vc_col-sm-12 vc_col-lg-4 vc_col-md-4\"><div class=\"vc_column-inner vc_custom_1556203323874\"><div class=\"wpb_wrapper\"><div class='q_elements_holder one_column responsive_mode_from_768' ><div class='q_elements_item  data-animation='no' data-item-class='q_elements_holder_custom_330922' style='background-color:#ffffff;'><div class='q_elements_item_inner'><div class='q_elements_item_content q_elements_holder_custom_330922' style='padding:50px 22px 50px 35px'>\n\t<div class=\"wpb_text_column wpb_content_element\">\n\t\t<div class=\"wpb_wrapper\">\n\t\t\t<h4><a href=\"https:\/\/www.h2print.com\/en\/boktryck-goteborg\/\">Brochures<\/a><\/h4>\n\n\t\t<\/div> \n\t<\/div> \t<div class=\"vc_empty_space\"  style=\"height: 22px\" ><span\n\t\t\tclass=\"vc_empty_space_inner\">\n\t\t\t<span class=\"empty_space_image\"  ><\/span>\n\t\t<\/span><\/div>\n\n\n\t<div class=\"wpb_text_column wpb_content_element\">\n\t\t<div class=\"wpb_wrapper\">\n\t\t\t<p>Broschyren \u00e4r ett av marknadsf\u00f6ringens mest traditionella s\u00e4tt f\u00f6r att n\u00e5 ut till sina kunder. \u00c4n idag anv\u00e4nds broschyrer f\u00f6r marknadsf\u00f6ring och anledningen \u00e4r simpel, det fungerar fortfarande. En broschyr som har helheten ger allt som oftast goda resultat.<\/p>\n\n\t\t<\/div> \n\t<\/div> <\/div><\/div><\/div><\/div><\/div><\/div><\/div><div class=\"wpb_column vc_column_container vc_col-sm-12 vc_col-lg-4 vc_col-md-4\"><div class=\"vc_column-inner vc_custom_1556203330582\"><div class=\"wpb_wrapper\"><div class='q_elements_holder one_column responsive_mode_from_768' ><div class='q_elements_item  data-animation='no' data-item-class='q_elements_holder_custom_980670' style='background-color:#ffffff;'><div class='q_elements_item_inner'><div class='q_elements_item_content q_elements_holder_custom_980670' style='padding:50px 22px 50px 35px'>\n\t<div class=\"wpb_text_column wpb_content_element\">\n\t\t<div class=\"wpb_wrapper\">\n\t\t\t<h4><a href=\"https:\/\/www.h2print.com\/en\/tryck-goteborg\/\">Printed material<\/a><\/h4>\n\n\t\t<\/div> \n\t<\/div> \t<div class=\"vc_empty_space\"  style=\"height: 22px\" ><span\n\t\t\tclass=\"vc_empty_space_inner\">\n\t\t\t<span class=\"empty_space_image\"  ><\/span>\n\t\t<\/span><\/div>\n\n\n\t<div class=\"wpb_text_column wpb_content_element\">\n\t\t<div class=\"wpb_wrapper\">\n\t\t\t<p>Vi \u00e4r dina experter p\u00e5 trycksaker och garantera dig en personlig service d\u00e4r vi alltid kommer arbeta utifr\u00e5n dina \u00f6nskem\u00e5l. \u00c4r du intresserad av trycksaker s\u00e5 \u00e4r det till oss du ska v\u00e4nda dig, vi besitter en bred kompetens och en m\u00e5ng\u00e5rig erfarenhet av branschens olika arbetsomr\u00e5den.<\/p>\n\n\t\t<\/div> \n\t<\/div> <\/div><\/div><\/div><\/div><\/div><\/div><\/div><div class=\"wpb_column vc_column_container vc_col-sm-12 vc_col-lg-4 vc_col-md-4\"><div class=\"vc_column-inner vc_custom_1556203337939\"><div class=\"wpb_wrapper\"><div class='q_elements_holder one_column responsive_mode_from_768' ><div class='q_elements_item  data-animation='no' data-item-class='q_elements_holder_custom_919314' style='background-color:#ffffff;'><div class='q_elements_item_inner'><div class='q_elements_item_content q_elements_holder_custom_919314' style='padding:50px 22px 50px 35px'>\n\t<div class=\"wpb_text_column wpb_content_element\">\n\t\t<div class=\"wpb_wrapper\">\n\t\t\t<h4><a href=\"https:\/\/www.h2print.com\/en\/tryckeri-goteborg\/\">Vi finns h\u00e4r<\/a><\/h4>\n\n\t\t<\/div> \n\t<\/div> \t<div class=\"vc_empty_space\"  style=\"height: 22px\" ><span\n\t\t\tclass=\"vc_empty_space_inner\">\n\t\t\t<span class=\"empty_space_image\"  ><\/span>\n\t\t<\/span><\/div>\n\n\n\t<div class=\"wpb_text_column wpb_content_element\">\n\t\t<div class=\"wpb_wrapper\">\n\t\t\t<p>H2 Print \u00e4r bel\u00e4gna i G\u00f6teborg men utf\u00f6r arbeten \u00e5t kunder i hela Sverige. Oavsett var i landet du befinner dig s\u00e5 \u00e4r v\u00e5r ambition att vara dig behj\u00e4lplig. Alla ska kunna ta del v\u00e5ra tj\u00e4nster och f\u00e5 kvalitativa trycksaker p\u00e5 ett effektivt tillv\u00e4gag\u00e5ngss\u00e4tt.<\/p>\n\n\t\t<\/div> \n\t<\/div> <\/div><\/div><\/div><\/div><\/div><\/div><\/div><\/div><\/div><\/div><div      class=\"vc_row wpb_row section vc_row-fluid\" style=' text-align:left;'><div class=\"full_section_inner clearfix\"><div class=\"wpb_column vc_column_container vc_col-sm-12\"><div class=\"vc_column-inner\"><div class=\"wpb_wrapper\">\t<div class=\"vc_empty_space\"  style=\"height: 32px\" ><span\n\t\t\tclass=\"vc_empty_space_inner\">\n\t\t\t<span class=\"empty_space_image\"  ><\/span>\n\t\t<\/span><\/div>\n\n\n\t<div class=\"wpb_text_column wpb_content_element\">\n\t\t<div class=\"wpb_wrapper\">\n\t\t\t<h2 style=\"text-align: center;\">F\u00f6rdelarna med H2 Print<\/h2>\n\n\t\t<\/div> \n\t<\/div> \t<div class=\"vc_empty_space\"  style=\"height: 32px\" ><span\n\t\t\tclass=\"vc_empty_space_inner\">\n\t\t\t<span class=\"empty_space_image\"  ><\/span>\n\t\t<\/span><\/div>\n\n<\/div><\/div><\/div><\/div><\/div><div      class=\"vc_row wpb_row section vc_row-fluid  vc_custom_1556183576574 grid_section\" style=' text-align:center;'><div class=\"section_inner clearfix\"><div class='section_inner_margin clearfix'><div class=\"wpb_column vc_column_container vc_col-sm-6\"><div class=\"vc_column-inner vc_custom_1556203267580\"><div class=\"wpb_wrapper\">\n\t<div class=\"wpb_text_column wpb_content_element\">\n\t\t<div class=\"wpb_wrapper\">\n\t\t\t<h5 style=\"text-align: left;\">Long-term collaboration<\/h5>\n\n\t\t<\/div> \n\t<\/div> \t<div class=\"vc_empty_space\"  style=\"height: 22px\" ><span\n\t\t\tclass=\"vc_empty_space_inner\">\n\t\t\t<span class=\"empty_space_image\"  ><\/span>\n\t\t<\/span><\/div>\n\n\n\t<div class=\"wpb_text_column wpb_content_element\">\n\t\t<div class=\"wpb_wrapper\">\n\t\t\t<p style=\"text-align: left;\">With us as your supplier, you can be confident that you're working with a financially secure partner over the long term. Our concept ensures high flexibility and reliable delivery. Thanks to our many partners, we can offer higher delivery reliability than most other providers.<\/p>\n\n\t\t<\/div> \n\t<\/div> \t<div class=\"vc_empty_space\"  style=\"height: 22px\" ><span\n\t\t\tclass=\"vc_empty_space_inner\">\n\t\t\t<span class=\"empty_space_image\"  ><\/span>\n\t\t<\/span><\/div>\n\n\n\t<div class=\"wpb_text_column wpb_content_element\">\n\t\t<div class=\"wpb_wrapper\">\n\t\t\t<h5 style=\"text-align: left;\">Smart solutions<\/h5>\n\n\t\t<\/div> \n\t<\/div> \t<div class=\"vc_empty_space\"  style=\"height: 22px\" ><span\n\t\t\tclass=\"vc_empty_space_inner\">\n\t\t\t<span class=\"empty_space_image\"  ><\/span>\n\t\t<\/span><\/div>\n\n\n\t<div class=\"wpb_text_column wpb_content_element\">\n\t\t<div class=\"wpb_wrapper\">\n\t\t\t<p style=\"text-align: left;\">We find solutions for you. We know it's often possible to find better and smarter solutions \u2013 provided you have the time. That time is something our customers often don't have. But we do. We strive to find the smartest solutions to help you get the best possible results. Our aim is to continuously develop our concept in order to keep improving our service.<\/p>\n\n\t\t<\/div> \n\t<\/div> <\/div><\/div><\/div><div class=\"wpb_column vc_column_container vc_col-sm-6\"><div class=\"vc_column-inner vc_custom_1556203275005\"><div class=\"wpb_wrapper\">\n\t<div class=\"wpb_single_image wpb_content_element vc_align_left\">\n\t\t<div class=\"wpb_wrapper\">\n\t\t\t\n\t\t\t<div class=\"vc_single_image-wrapper   vc_box_border_grey\"><img loading=\"lazy\" decoding=\"async\" width=\"1210\" height=\"936\" src=\"https:\/\/www.h2print.com\/cms\/wp-content\/uploads\/2020\/02\/h2-katalog-nordhem-liggande-med-uppslag.png\" class=\"vc_single_image-img attachment-full\" alt=\"\" srcset=\"https:\/\/www.h2print.com\/cms\/wp-content\/uploads\/2020\/02\/h2-katalog-nordhem-liggande-med-uppslag.png 1210w, https:\/\/www.h2print.com\/cms\/wp-content\/uploads\/2020\/02\/h2-katalog-nordhem-liggande-med-uppslag-300x232.png 300w, https:\/\/www.h2print.com\/cms\/wp-content\/uploads\/2020\/02\/h2-katalog-nordhem-liggande-med-uppslag-768x594.png 768w, https:\/\/www.h2print.com\/cms\/wp-content\/uploads\/2020\/02\/h2-katalog-nordhem-liggande-med-uppslag-1024x792.png 1024w, https:\/\/www.h2print.com\/cms\/wp-content\/uploads\/2020\/02\/h2-katalog-nordhem-liggande-med-uppslag-700x541.png 700w, https:\/\/www.h2print.com\/cms\/wp-content\/uploads\/2020\/02\/h2-katalog-nordhem-liggande-med-uppslag-600x464.png 600w\" sizes=\"(max-width: 1210px) 100vw, 1210px\" \/><\/div>\n\t\t<\/div>\n\t<\/div>\n<\/div><\/div><\/div><\/div><\/div><\/div><div      class=\"vc_row wpb_row section vc_row-fluid  vc_custom_1556183576574 grid_section\" style=' text-align:center;'><div class=\"section_inner clearfix\"><div class='section_inner_margin clearfix'><div class=\"wpb_column vc_column_container vc_col-sm-6\"><div class=\"vc_column-inner vc_custom_1556203252550\"><div class=\"wpb_wrapper\">\n\t<div class=\"wpb_single_image wpb_content_element vc_align_left\">\n\t\t<div class=\"wpb_wrapper\">\n\t\t\t\n\t\t\t<div class=\"vc_single_image-wrapper   vc_box_border_grey\"><img loading=\"lazy\" decoding=\"async\" width=\"1500\" height=\"817\" src=\"https:\/\/www.h2print.com\/cms\/wp-content\/uploads\/2020\/02\/h2-bok-fmmattsson3.png\" class=\"vc_single_image-img attachment-full\" alt=\"\" srcset=\"https:\/\/www.h2print.com\/cms\/wp-content\/uploads\/2020\/02\/h2-bok-fmmattsson3.png 1500w, https:\/\/www.h2print.com\/cms\/wp-content\/uploads\/2020\/02\/h2-bok-fmmattsson3-300x163.png 300w, https:\/\/www.h2print.com\/cms\/wp-content\/uploads\/2020\/02\/h2-bok-fmmattsson3-768x418.png 768w, https:\/\/www.h2print.com\/cms\/wp-content\/uploads\/2020\/02\/h2-bok-fmmattsson3-1024x558.png 1024w, https:\/\/www.h2print.com\/cms\/wp-content\/uploads\/2020\/02\/h2-bok-fmmattsson3-700x381.png 700w, https:\/\/www.h2print.com\/cms\/wp-content\/uploads\/2020\/02\/h2-bok-fmmattsson3-600x327.png 600w\" sizes=\"(max-width: 1500px) 100vw, 1500px\" \/><\/div>\n\t\t<\/div>\n\t<\/div>\n<\/div><\/div><\/div><div class=\"wpb_column vc_column_container vc_col-sm-6\"><div class=\"vc_column-inner vc_custom_1556203260265\"><div class=\"wpb_wrapper\">\n\t<div class=\"wpb_text_column wpb_content_element\">\n\t\t<div class=\"wpb_wrapper\">\n\t\t\t<h5 style=\"text-align: left;\">Personal contact<\/h5>\n\n\t\t<\/div> \n\t<\/div> \t<div class=\"vc_empty_space\"  style=\"height: 22px\" ><span\n\t\t\tclass=\"vc_empty_space_inner\">\n\t\t\t<span class=\"empty_space_image\"  ><\/span>\n\t\t<\/span><\/div>\n\n\n\t<div class=\"wpb_text_column wpb_content_element\">\n\t\t<div class=\"wpb_wrapper\">\n\t\t\t<p style=\"text-align: left;\">For us, personal contact is everything. At H2 Print, we have many years' experience in the graphic industry, and we know that no system can replace personal contact. We designate a single contact person who knows exactly what is important to you.<\/p>\n\n\t\t<\/div> \n\t<\/div> \t<div class=\"vc_empty_space\"  style=\"height: 22px\" ><span\n\t\t\tclass=\"vc_empty_space_inner\">\n\t\t\t<span class=\"empty_space_image\"  ><\/span>\n\t\t<\/span><\/div>\n\n\n\t<div class=\"wpb_text_column wpb_content_element\">\n\t\t<div class=\"wpb_wrapper\">\n\t\t\t<h5 style=\"text-align: left;\">Time savings<\/h5>\n\n\t\t<\/div> \n\t<\/div> \t<div class=\"vc_empty_space\"  style=\"height: 22px\" ><span\n\t\t\tclass=\"vc_empty_space_inner\">\n\t\t\t<span class=\"empty_space_image\"  ><\/span>\n\t\t<\/span><\/div>\n\n\n\t<div class=\"wpb_text_column wpb_content_element\">\n\t\t<div class=\"wpb_wrapper\">\n\t\t\t<p style=\"text-align: left;\">We spare you the time-consuming task of finding the right printers for your specific needs. We have the knowledge, and we can choose for you.<\/p>\n\n\t\t<\/div> \n\t<\/div> <\/div><\/div><\/div><\/div><\/div><\/div>","protected":false},"excerpt":{"rendered":"Trycksaker G\u00f6teborg Tidningstryck Tidningar har existerat i m\u00e5nga \u00e5r och finns idag i en m\u00e4ngd olika varianter. Kundtidning, nyhetsbrev eller reklamblad? Oavsett vilken variant, s\u00e5 ser vi till att jobbet...","protected":false},"author":6,"featured_media":0,"parent":0,"menu_order":0,"comment_status":"closed","ping_status":"closed","template":"full_width.php","meta":{"content-type":"","footnotes":""},"class_list":["post-1526","page","type-page","status-publish","hentry"],"_links":{"self":[{"href":"https:\/\/www.h2print.com\/en\/wp-json\/wp\/v2\/pages\/1526"}],"collection":[{"href":"https:\/\/www.h2print.com\/en\/wp-json\/wp\/v2\/pages"}],"about":[{"href":"https:\/\/www.h2print.com\/en\/wp-json\/wp\/v2\/types\/page"}],"author":[{"embeddable":true,"href":"https:\/\/www.h2print.com\/en\/wp-json\/wp\/v2\/users\/6"}],"replies":[{"embeddable":true,"href":"https:\/\/www.h2print.com\/en\/wp-json\/wp\/v2\/comments?post=1526"}],"version-history":[{"count":16,"href":"https:\/\/www.h2print.com\/en\/wp-json\/wp\/v2\/pages\/1526\/revisions"}],"predecessor-version":[{"id":1550,"href":"https:\/\/www.h2print.com\/en\/wp-json\/wp\/v2\/pages\/1526\/revisions\/1550"}],"wp:attachment":[{"href":"https:\/\/www.h2print.com\/en\/wp-json\/wp\/v2\/media?parent=1526"}],"curies":[{"name":"wp","href":"https:\/\/api.w.org\/{rel}","templated":true}]}}