{"id":1513,"date":"2020-12-14T15:52:59","date_gmt":"2020-12-14T14:52:59","guid":{"rendered":"https:\/\/www.h2print.se\/?page_id=1513"},"modified":"2020-12-15T10:59:31","modified_gmt":"2020-12-15T09:59:31","slug":"boktryck-goteborg","status":"publish","type":"page","link":"https:\/\/www.h2print.com\/en\/boktryck-goteborg\/","title":{"rendered":"Boktryck G\u00f6teborg"},"content":{"rendered":"<div      class=\"vc_row wpb_row section vc_row-fluid\" style=' text-align:left;'><div class=\"full_section_inner clearfix\"><div class=\"wpb_column vc_column_container vc_col-sm-12\"><div class=\"vc_column-inner\"><div class=\"wpb_wrapper\">\t<div class=\"vc_empty_space\"  style=\"height: 200px\" ><span\n\t\t\tclass=\"vc_empty_space_inner\">\n\t\t\t<span class=\"empty_space_image\"  ><\/span>\n\t\t<\/span><\/div>\n\n<\/div><\/div><\/div><\/div><\/div><div id=\"trycksaker\"     class=\"vc_row wpb_row section vc_row-fluid  grid_section\" style=' text-align:left;'><div class=\"section_inner clearfix\"><div class='section_inner_margin clearfix'><div class=\"wpb_column vc_column_container vc_col-sm-12\"><div class=\"vc_column-inner\"><div class=\"wpb_wrapper\">\n\t<div class=\"wpb_text_column wpb_content_element\">\n\t\t<div class=\"wpb_wrapper\">\n\t\t\t<h1 style=\"text-align: center;\">Boktryck &amp; Broschyrtryck G\u00f6teborg<\/h1>\n\n\t\t<\/div> \n\t<\/div> \t<div class=\"vc_empty_space\"  style=\"height: 27px\" ><span\n\t\t\tclass=\"vc_empty_space_inner\">\n\t\t\t<span class=\"empty_space_image\"  ><\/span>\n\t\t<\/span><\/div>\n\n\n\t<div class=\"wpb_text_column wpb_content_element\">\n\t\t<div class=\"wpb_wrapper\">\n\t\t\t<p style=\"text-align: center;\">Vi agerar ink\u00f6pskonsulter \u00e5t v\u00e5ra kunder och har l\u00e5ng erfarenhet av b\u00e5de sm\u00e5 och stora produktioner. Oavsett om det \u00e4r boktryck eller broschyrtryck du beh\u00f6ver trycka s\u00e5 finns vi vid din sida under hela processen, fr\u00e5n id\u00e9 till f\u00e4rdig produkt. Vill du att ditt boktryck eller broschyrtryck ska sticka ut fr\u00e5n m\u00e4ngden s\u00e5 finns det en m\u00e4ngd olika papperstyper samt former av efterbehandlingar som kan skapa ett merv\u00e4rde. Vi erbjuder bland annat: foliering, lackering, laminering, pr\u00e4gling och relief. Allt f\u00f6r att du ska f\u00e5 ett resultat som uppfyller dina f\u00f6rv\u00e4ntningar. Vi finns i G\u00f6teborg men erbjuder v\u00e5ra tj\u00e4nster rikst\u00e4ckande, alla ska ha m\u00f6jligheten att kunna f\u00e5 trycksaker i kvalitet.<\/p>\n<p style=\"text-align: center;\">We set high standards on colour reproduction and offer an efficient service for both proofing and colour sample printing. Many of our customers place a lot of importance on sustainability \u2013 and so do we. That's why we always offer environmentally-friendly alternatives.<\/p>\n\n\t\t<\/div> \n\t<\/div> \t<div class=\"vc_empty_space\"  style=\"height: 27px\" ><span\n\t\t\tclass=\"vc_empty_space_inner\">\n\t\t\t<span class=\"empty_space_image\"  ><\/span>\n\t\t<\/span><\/div>\n\n\t<div class=\"vc_empty_space\"  style=\"height: 100px\" ><span\n\t\t\tclass=\"vc_empty_space_inner\">\n\t\t\t<span class=\"empty_space_image\"  ><\/span>\n\t\t<\/span><\/div>\n\n<\/div><\/div><\/div><\/div><\/div><\/div><div      class=\"vc_row wpb_row section vc_row-fluid  vc_custom_1581518872699 grid_section\" style=' text-align:left;'><div class=\"section_inner clearfix\"><div class='section_inner_margin clearfix'><div class=\"wpb_column vc_column_container vc_col-sm-6\"><div class=\"vc_column-inner\"><div class=\"wpb_wrapper\">\n\t<div class=\"wpb_single_image wpb_content_element vc_align_left\">\n\t\t<div class=\"wpb_wrapper\">\n\t\t\t\n\t\t\t<div class=\"vc_single_image-wrapper   vc_box_border_grey\"><img loading=\"lazy\" decoding=\"async\" width=\"1210\" height=\"936\" src=\"https:\/\/www.h2print.com\/cms\/wp-content\/uploads\/2020\/02\/h2-katalog-nordhem-liggande-med-uppslag.png\" class=\"vc_single_image-img attachment-full\" alt=\"\" srcset=\"https:\/\/www.h2print.com\/cms\/wp-content\/uploads\/2020\/02\/h2-katalog-nordhem-liggande-med-uppslag.png 1210w, https:\/\/www.h2print.com\/cms\/wp-content\/uploads\/2020\/02\/h2-katalog-nordhem-liggande-med-uppslag-300x232.png 300w, https:\/\/www.h2print.com\/cms\/wp-content\/uploads\/2020\/02\/h2-katalog-nordhem-liggande-med-uppslag-768x594.png 768w, https:\/\/www.h2print.com\/cms\/wp-content\/uploads\/2020\/02\/h2-katalog-nordhem-liggande-med-uppslag-1024x792.png 1024w, https:\/\/www.h2print.com\/cms\/wp-content\/uploads\/2020\/02\/h2-katalog-nordhem-liggande-med-uppslag-700x541.png 700w, https:\/\/www.h2print.com\/cms\/wp-content\/uploads\/2020\/02\/h2-katalog-nordhem-liggande-med-uppslag-600x464.png 600w\" sizes=\"(max-width: 1210px) 100vw, 1210px\" \/><\/div>\n\t\t<\/div>\n\t<\/div>\n<\/div><\/div><\/div><div class=\"wpb_column vc_column_container vc_col-sm-6\"><div class=\"vc_column-inner\"><div class=\"wpb_wrapper\">\n\t<div class=\"wpb_single_image wpb_content_element vc_align_left\">\n\t\t<div class=\"wpb_wrapper\">\n\t\t\t\n\t\t\t<div class=\"vc_single_image-wrapper   vc_box_border_grey\"><img loading=\"lazy\" decoding=\"async\" width=\"1210\" height=\"936\" src=\"https:\/\/www.h2print.com\/cms\/wp-content\/uploads\/2020\/02\/h2-katalog-fruit-liggande-med-uppslag.png\" class=\"vc_single_image-img attachment-full\" alt=\"\" srcset=\"https:\/\/www.h2print.com\/cms\/wp-content\/uploads\/2020\/02\/h2-katalog-fruit-liggande-med-uppslag.png 1210w, https:\/\/www.h2print.com\/cms\/wp-content\/uploads\/2020\/02\/h2-katalog-fruit-liggande-med-uppslag-300x232.png 300w, https:\/\/www.h2print.com\/cms\/wp-content\/uploads\/2020\/02\/h2-katalog-fruit-liggande-med-uppslag-768x594.png 768w, https:\/\/www.h2print.com\/cms\/wp-content\/uploads\/2020\/02\/h2-katalog-fruit-liggande-med-uppslag-1024x792.png 1024w, https:\/\/www.h2print.com\/cms\/wp-content\/uploads\/2020\/02\/h2-katalog-fruit-liggande-med-uppslag-700x541.png 700w, https:\/\/www.h2print.com\/cms\/wp-content\/uploads\/2020\/02\/h2-katalog-fruit-liggande-med-uppslag-600x464.png 600w\" sizes=\"(max-width: 1210px) 100vw, 1210px\" \/><\/div>\n\t\t<\/div>\n\t<\/div>\n<\/div><\/div><\/div><\/div><\/div><\/div><div      class=\"vc_row wpb_row section vc_row-fluid  vc_custom_1581518896966 grid_section\" style=' text-align:left;'><div class=\"section_inner clearfix\"><div class='section_inner_margin clearfix'><div class=\"wpb_column vc_column_container vc_col-sm-2\"><div class=\"vc_column-inner\"><div class=\"wpb_wrapper\"><\/div><\/div><\/div><div class=\"wpb_column vc_column_container vc_col-sm-8\"><div class=\"vc_column-inner\"><div class=\"wpb_wrapper\">\n\t<div class=\"wpb_single_image wpb_content_element vc_align_left\">\n\t\t<div class=\"wpb_wrapper\">\n\t\t\t\n\t\t\t<div class=\"vc_single_image-wrapper   vc_box_border_grey\"><img loading=\"lazy\" decoding=\"async\" width=\"1500\" height=\"817\" src=\"https:\/\/www.h2print.com\/cms\/wp-content\/uploads\/2020\/02\/h2-bok-fmmattsson3.png\" class=\"vc_single_image-img attachment-full\" alt=\"\" srcset=\"https:\/\/www.h2print.com\/cms\/wp-content\/uploads\/2020\/02\/h2-bok-fmmattsson3.png 1500w, https:\/\/www.h2print.com\/cms\/wp-content\/uploads\/2020\/02\/h2-bok-fmmattsson3-300x163.png 300w, https:\/\/www.h2print.com\/cms\/wp-content\/uploads\/2020\/02\/h2-bok-fmmattsson3-768x418.png 768w, https:\/\/www.h2print.com\/cms\/wp-content\/uploads\/2020\/02\/h2-bok-fmmattsson3-1024x558.png 1024w, https:\/\/www.h2print.com\/cms\/wp-content\/uploads\/2020\/02\/h2-bok-fmmattsson3-700x381.png 700w, https:\/\/www.h2print.com\/cms\/wp-content\/uploads\/2020\/02\/h2-bok-fmmattsson3-600x327.png 600w\" sizes=\"(max-width: 1500px) 100vw, 1500px\" \/><\/div>\n\t\t<\/div>\n\t<\/div>\n<\/div><\/div><\/div><div class=\"wpb_column vc_column_container vc_col-sm-2\"><div class=\"vc_column-inner\"><div class=\"wpb_wrapper\"><\/div><\/div><\/div><\/div><\/div><\/div><div id=\"boktryck\"     class=\"vc_row wpb_row section vc_row-fluid  grid_section\" style=' text-align:left;'><div class=\"section_inner clearfix\"><div class='section_inner_margin clearfix'><div class=\"wpb_column vc_column_container vc_col-sm-12\"><div class=\"vc_column-inner\"><div class=\"wpb_wrapper\">\n\t<div class=\"wpb_text_column wpb_content_element\">\n\t\t<div class=\"wpb_wrapper\">\n\t\t\t<h2 style=\"text-align: center;\">Book printing<\/h2>\n\n\t\t<\/div> \n\t<\/div> \t<div class=\"vc_empty_space\"  style=\"height: 27px\" ><span\n\t\t\tclass=\"vc_empty_space_inner\">\n\t\t\t<span class=\"empty_space_image\"  ><\/span>\n\t\t<\/span><\/div>\n\n\n\t<div class=\"wpb_text_column wpb_content_element\">\n\t\t<div class=\"wpb_wrapper\">\n\t\t\t<p style=\"text-align: center;\">F\u00f6r speciella tillf\u00e4llen finns det inget som sl\u00e5r en hederlig bok. Vi erbjuder boktryck av b\u00e5de pocketb\u00f6cker, inbundna b\u00f6cker och allt d\u00e4remellan. Hos oss finns en bred kompetens och l\u00e5ng erfarenhet av olika typer av boktryck. Vill du ha n\u00e5got unikt som sticker ut fr\u00e5n m\u00e4ngden eller n\u00e5got stilrent och kanske lite mer vardagligt? Vi utf\u00f6r arbetet utifr\u00e5n din \u00f6nskem\u00e5l och krav. Tveka inte att h\u00f6ra av dig om det skulle dyka upp n\u00e5gon specifik fundering.<\/p>\n\n\t\t<\/div> \n\t<\/div> \t<div class=\"vc_empty_space\"  style=\"height: 70px\" ><span\n\t\t\tclass=\"vc_empty_space_inner\">\n\t\t\t<span class=\"empty_space_image\"  ><\/span>\n\t\t<\/span><\/div>\n\n<\/div><\/div><\/div><\/div><\/div><\/div><div      class=\"vc_row wpb_row section vc_row-fluid  vc_custom_1581518911636 grid_section\" style=' text-align:left;'><div class=\"section_inner clearfix\"><div class='section_inner_margin clearfix'><div class=\"wpb_column vc_column_container vc_col-sm-2\"><div class=\"vc_column-inner\"><div class=\"wpb_wrapper\"><\/div><\/div><\/div><div class=\"wpb_column vc_column_container vc_col-sm-8\"><div class=\"vc_column-inner\"><div class=\"wpb_wrapper\">\n\t<div class=\"wpb_single_image wpb_content_element vc_align_center\">\n\t\t<div class=\"wpb_wrapper\">\n\t\t\t\n\t\t\t<div class=\"vc_single_image-wrapper   vc_box_border_grey\"><img loading=\"lazy\" decoding=\"async\" width=\"1622\" height=\"936\" src=\"https:\/\/www.h2print.com\/cms\/wp-content\/uploads\/2020\/02\/h2-broschyr-DAY3.png\" class=\"vc_single_image-img attachment-full\" alt=\"\" srcset=\"https:\/\/www.h2print.com\/cms\/wp-content\/uploads\/2020\/02\/h2-broschyr-DAY3.png 1622w, https:\/\/www.h2print.com\/cms\/wp-content\/uploads\/2020\/02\/h2-broschyr-DAY3-300x173.png 300w, https:\/\/www.h2print.com\/cms\/wp-content\/uploads\/2020\/02\/h2-broschyr-DAY3-768x443.png 768w, https:\/\/www.h2print.com\/cms\/wp-content\/uploads\/2020\/02\/h2-broschyr-DAY3-1024x591.png 1024w, https:\/\/www.h2print.com\/cms\/wp-content\/uploads\/2020\/02\/h2-broschyr-DAY3-345x198.png 345w, https:\/\/www.h2print.com\/cms\/wp-content\/uploads\/2020\/02\/h2-broschyr-DAY3-700x404.png 700w, https:\/\/www.h2print.com\/cms\/wp-content\/uploads\/2020\/02\/h2-broschyr-DAY3-600x346.png 600w\" sizes=\"(max-width: 1622px) 100vw, 1622px\" \/><\/div>\n\t\t<\/div>\n\t<\/div>\n<\/div><\/div><\/div><div class=\"wpb_column vc_column_container vc_col-sm-2\"><div class=\"vc_column-inner\"><div class=\"wpb_wrapper\"><\/div><\/div><\/div><\/div><\/div><\/div><div id=\"broschyr\"     class=\"vc_row wpb_row section vc_row-fluid  vc_custom_1583336438342 grid_section\" style=' text-align:left;'><div class=\"section_inner clearfix\"><div class='section_inner_margin clearfix'><div class=\"wpb_column vc_column_container vc_col-sm-12\"><div class=\"vc_column-inner\"><div class=\"wpb_wrapper\">\n\t<div class=\"wpb_text_column wpb_content_element\">\n\t\t<div class=\"wpb_wrapper\">\n\t\t\t<h2 style=\"text-align: center;\">Broschyrtryck<\/h2>\n\n\t\t<\/div> \n\t<\/div> \t<div class=\"vc_empty_space\"  style=\"height: 27px\" ><span\n\t\t\tclass=\"vc_empty_space_inner\">\n\t\t\t<span class=\"empty_space_image\"  ><\/span>\n\t\t<\/span><\/div>\n\n\n\t<div class=\"wpb_text_column wpb_content_element\">\n\t\t<div class=\"wpb_wrapper\">\n\t\t\t<p style=\"text-align: center;\">Broschyren \u00e4r ett av marknadsf\u00f6ringens mest traditionella s\u00e4tt f\u00f6r att n\u00e5 ut till sina kunder och anv\u00e4nds \u00e4n idag, just f\u00f6r att det faktiskt fungerar. Om man tar ett bra inneh\u00e5ll och adderar k\u00e4nslan av att h\u00e5lla i en v\u00e4lgjord broschyr s\u00e5 ger det v\u00e4ldigt ofta ett gott resultat. Vi hj\u00e4lper dig sj\u00e4lvklart med b\u00e5da delarna, broschyrtrycket och inneh\u00e5llet!<\/p>\n\n\t\t<\/div> \n\t<\/div> \t<div class=\"vc_empty_space\"  style=\"height: 70px\" ><span\n\t\t\tclass=\"vc_empty_space_inner\">\n\t\t\t<span class=\"empty_space_image\"  ><\/span>\n\t\t<\/span><\/div>\n\n<\/div><\/div><\/div><\/div><\/div><\/div><div      class=\"vc_row wpb_row section vc_row-fluid  vc_custom_1583328827265 grid_section\" style=' text-align:left;'><div class=\"section_inner clearfix\"><div class='section_inner_margin clearfix'><div class=\"wpb_column vc_column_container vc_col-sm-2\"><div class=\"vc_column-inner\"><div class=\"wpb_wrapper\"><\/div><\/div><\/div><div class=\"wpb_column vc_column_container vc_col-sm-8\"><div class=\"vc_column-inner\"><div class=\"wpb_wrapper\">\n\t<div class=\"wpb_single_image wpb_content_element vc_align_right\">\n\t\t<div class=\"wpb_wrapper\">\n\t\t\t\n\t\t\t<div class=\"vc_single_image-wrapper   vc_box_border_grey\"><img loading=\"lazy\" decoding=\"async\" width=\"2263\" height=\"1794\" src=\"https:\/\/www.h2print.com\/cms\/wp-content\/uploads\/2019\/06\/Framsida-Glasriket-b.png\" class=\"vc_single_image-img attachment-full\" alt=\"\" srcset=\"https:\/\/www.h2print.com\/cms\/wp-content\/uploads\/2019\/06\/Framsida-Glasriket-b.png 2263w, https:\/\/www.h2print.com\/cms\/wp-content\/uploads\/2019\/06\/Framsida-Glasriket-b-300x238.png 300w, https:\/\/www.h2print.com\/cms\/wp-content\/uploads\/2019\/06\/Framsida-Glasriket-b-768x609.png 768w, https:\/\/www.h2print.com\/cms\/wp-content\/uploads\/2019\/06\/Framsida-Glasriket-b-1024x812.png 1024w, https:\/\/www.h2print.com\/cms\/wp-content\/uploads\/2019\/06\/Framsida-Glasriket-b-700x555.png 700w, https:\/\/www.h2print.com\/cms\/wp-content\/uploads\/2019\/06\/Framsida-Glasriket-b-600x476.png 600w\" sizes=\"(max-width: 2263px) 100vw, 2263px\" \/><\/div>\n\t\t<\/div>\n\t<\/div>\n<\/div><\/div><\/div><div class=\"wpb_column vc_column_container vc_col-sm-2\"><div class=\"vc_column-inner\"><div class=\"wpb_wrapper\"><\/div><\/div><\/div><\/div><\/div><\/div><div id=\"tidningstryck\"     class=\"vc_row wpb_row section vc_row-fluid  grid_section\" style=' text-align:left;'><div class=\"section_inner clearfix\"><div class='section_inner_margin clearfix'><div class=\"wpb_column vc_column_container vc_col-sm-12\"><div class=\"vc_column-inner\"><div class=\"wpb_wrapper\">\n\t<div class=\"wpb_text_column wpb_content_element\">\n\t\t<div class=\"wpb_wrapper\">\n\t\t\t<h2 style=\"text-align: center;\">Magazine printing<\/h2>\n\n\t\t<\/div> \n\t<\/div> \t<div class=\"vc_empty_space\"  style=\"height: 27px\" ><span\n\t\t\tclass=\"vc_empty_space_inner\">\n\t\t\t<span class=\"empty_space_image\"  ><\/span>\n\t\t<\/span><\/div>\n\n\n\t<div class=\"wpb_text_column wpb_content_element\">\n\t\t<div class=\"wpb_wrapper\">\n\t\t\t<p style=\"text-align: center;\">Are you looking to print a sales magazine for your company? Probably \u2013 which is why you're reading this. Fortunately, that's another service we provide. Whether you want customer magazines, flyers or newsletters, we can help. We offer a highly efficient service based on state-of-the-art technology and skilled partners.<\/p>\n\n\t\t<\/div> \n\t<\/div> \t<div class=\"vc_empty_space\"  style=\"height: 70px\" ><span\n\t\t\tclass=\"vc_empty_space_inner\">\n\t\t\t<span class=\"empty_space_image\"  ><\/span>\n\t\t<\/span><\/div>\n\n<\/div><\/div><\/div><\/div><\/div><\/div><div      class=\"vc_row wpb_row section vc_row-fluid  vc_custom_1583328704421 grid_section\" style=' text-align:left;'><div class=\"section_inner clearfix\"><div class='section_inner_margin clearfix'><div class=\"wpb_column vc_column_container vc_col-sm-2\"><div class=\"vc_column-inner\"><div class=\"wpb_wrapper\"><\/div><\/div><\/div><div class=\"wpb_column vc_column_container vc_col-sm-8\"><div class=\"vc_column-inner\"><div class=\"wpb_wrapper\">\n\t<div class=\"wpb_single_image wpb_content_element vc_align_right\">\n\t\t<div class=\"wpb_wrapper\">\n\t\t\t\n\t\t\t<div class=\"vc_single_image-wrapper   vc_box_border_grey\"><img loading=\"lazy\" decoding=\"async\" width=\"1418\" height=\"907\" src=\"https:\/\/www.h2print.com\/cms\/wp-content\/uploads\/2019\/06\/Emballage-H2-1.png\" class=\"vc_single_image-img attachment-full\" alt=\"\" srcset=\"https:\/\/www.h2print.com\/cms\/wp-content\/uploads\/2019\/06\/Emballage-H2-1.png 1418w, https:\/\/www.h2print.com\/cms\/wp-content\/uploads\/2019\/06\/Emballage-H2-1-300x192.png 300w, https:\/\/www.h2print.com\/cms\/wp-content\/uploads\/2019\/06\/Emballage-H2-1-768x491.png 768w, https:\/\/www.h2print.com\/cms\/wp-content\/uploads\/2019\/06\/Emballage-H2-1-1024x655.png 1024w, https:\/\/www.h2print.com\/cms\/wp-content\/uploads\/2019\/06\/Emballage-H2-1-700x448.png 700w, https:\/\/www.h2print.com\/cms\/wp-content\/uploads\/2019\/06\/Emballage-H2-1-600x384.png 600w\" sizes=\"(max-width: 1418px) 100vw, 1418px\" \/><\/div>\n\t\t<\/div>\n\t<\/div>\n<\/div><\/div><\/div><div class=\"wpb_column vc_column_container vc_col-sm-2\"><div class=\"vc_column-inner\"><div class=\"wpb_wrapper\"><\/div><\/div><\/div><\/div><\/div><\/div><div id=\"specialemballage\"     class=\"vc_row wpb_row section vc_row-fluid  vc_custom_1583336448828 grid_section\" style=' text-align:left;'><div class=\"section_inner clearfix\"><div class='section_inner_margin clearfix'><div class=\"wpb_column vc_column_container vc_col-sm-12\"><div class=\"vc_column-inner\"><div class=\"wpb_wrapper\">\n\t<div class=\"wpb_text_column wpb_content_element  vc_custom_1583328725935\">\n\t\t<div class=\"wpb_wrapper\">\n\t\t\t<h2 style=\"text-align: center;\">Special packaging<\/h2>\n\n\t\t<\/div> \n\t<\/div> \t<div class=\"vc_empty_space\"  style=\"height: 27px\" ><span\n\t\t\tclass=\"vc_empty_space_inner\">\n\t\t\t<span class=\"empty_space_image\"  ><\/span>\n\t\t<\/span><\/div>\n\n\n\t<div class=\"wpb_text_column wpb_content_element\">\n\t\t<div class=\"wpb_wrapper\">\n\t\t\t<p style=\"text-align: center;\">We offer packaging for products such as food, ornaments, tools, and much more. Packaging is the ideal way to showcase your brand to current and potential customers. We use modern technologies to make this exclusive service accessible to all businesses, however small.<\/p>\n\n\t\t<\/div> \n\t<\/div> \t<div class=\"vc_empty_space\"  style=\"height: 70px\" ><span\n\t\t\tclass=\"vc_empty_space_inner\">\n\t\t\t<span class=\"empty_space_image\"  ><\/span>\n\t\t<\/span><\/div>\n\n<\/div><\/div><\/div><\/div><\/div><\/div><div id=\"trycksaksupphandling\"     class=\"vc_row wpb_row section vc_row-fluid  vc_custom_1583336455499 grid_section\" style=' text-align:left;'><div class=\"section_inner clearfix\"><div class='section_inner_margin clearfix'><div class=\"wpb_column vc_column_container vc_col-sm-12 vc_col-lg-6 vc_col-md-6\"><div class=\"vc_column-inner\"><div class=\"wpb_wrapper\">\n\t<div class=\"wpb_text_column wpb_content_element\">\n\t\t<div class=\"wpb_wrapper\">\n\t\t\t<h2>Printed material procurement<\/h2>\n\n\t\t<\/div> \n\t<\/div> \t<div class=\"vc_empty_space\"  style=\"height: 27px\" ><span\n\t\t\tclass=\"vc_empty_space_inner\">\n\t\t\t<span class=\"empty_space_image\"  ><\/span>\n\t\t<\/span><\/div>\n\n\n\t<div class=\"wpb_text_column wpb_content_element\">\n\t\t<div class=\"wpb_wrapper\">\n\t\t\t<p>Vi har varit med sedan Big Bang, k\u00e4nns det som ibland. Tack vare v\u00e5r l\u00e5nga erfarenhet vet vi vilka tryckerier som \u00e4r b\u00e4st l\u00e4mpade f\u00f6r olika sorters tryckjobb. Det h\u00e4r betyder att vi spar v\u00e4rdefull tid \u00e5t dig, eftersom vi tar ansvar f\u00f6r prisj\u00e4mf\u00f6relser och andra viktiga parametrar som leveranstid exempelvis.<\/p>\n\n\t\t<\/div> \n\t<\/div> \t<div class=\"vc_empty_space\"  style=\"height: 27px\" ><span\n\t\t\tclass=\"vc_empty_space_inner\">\n\t\t\t<span class=\"empty_space_image\"  ><\/span>\n\t\t<\/span><\/div>\n\n<\/div><\/div><\/div><div class=\"wpb_column vc_column_container vc_col-sm-12 vc_col-lg-6 vc_col-md-6\"><div class=\"vc_column-inner\"><div class=\"wpb_wrapper\">\n\t<div class=\"wpb_text_column wpb_content_element\">\n\t\t<div class=\"wpb_wrapper\">\n\t\t\t<h2>Distribution<\/h2>\n\n\t\t<\/div> \n\t<\/div> \t<div class=\"vc_empty_space\"  style=\"height: 27px\" ><span\n\t\t\tclass=\"vc_empty_space_inner\">\n\t\t\t<span class=\"empty_space_image\"  ><\/span>\n\t\t<\/span><\/div>\n\n\n\t<div class=\"wpb_text_column wpb_content_element\">\n\t\t<div class=\"wpb_wrapper\">\n\t\t\t<p>We help our customers from start to finish \u2013 and that's our promise. We are proud to support many of our customers with distribution. Thanks to our large purchase volumes at Postnord and BringCitymail, we are able to offer lower distribution prices than most. We also have good knowledge of postage optimisation, i.e. how to get the best return on your investment via direct mailbox advertising. For example, we know how to reach groups that often say no to advertising.<\/p>\n\n\t\t<\/div> \n\t<\/div> <\/div><\/div><\/div><\/div><\/div><\/div>","protected":false},"excerpt":{"rendered":"Boktryck &amp; Broschyrtryck G\u00f6teborg Vi agerar ink\u00f6pskonsulter \u00e5t v\u00e5ra kunder och har l\u00e5ng erfarenhet av b\u00e5de sm\u00e5 och stora produktioner. Oavsett om det \u00e4r boktryck eller broschyrtryck du beh\u00f6ver trycka...","protected":false},"author":6,"featured_media":0,"parent":0,"menu_order":0,"comment_status":"closed","ping_status":"closed","template":"full_width.php","meta":{"content-type":"","footnotes":""},"class_list":["post-1513","page","type-page","status-publish","hentry"],"_links":{"self":[{"href":"https:\/\/www.h2print.com\/en\/wp-json\/wp\/v2\/pages\/1513"}],"collection":[{"href":"https:\/\/www.h2print.com\/en\/wp-json\/wp\/v2\/pages"}],"about":[{"href":"https:\/\/www.h2print.com\/en\/wp-json\/wp\/v2\/types\/page"}],"author":[{"embeddable":true,"href":"https:\/\/www.h2print.com\/en\/wp-json\/wp\/v2\/users\/6"}],"replies":[{"embeddable":true,"href":"https:\/\/www.h2print.com\/en\/wp-json\/wp\/v2\/comments?post=1513"}],"version-history":[{"count":3,"href":"https:\/\/www.h2print.com\/en\/wp-json\/wp\/v2\/pages\/1513\/revisions"}],"predecessor-version":[{"id":1516,"href":"https:\/\/www.h2print.com\/en\/wp-json\/wp\/v2\/pages\/1513\/revisions\/1516"}],"wp:attachment":[{"href":"https:\/\/www.h2print.com\/en\/wp-json\/wp\/v2\/media?parent=1513"}],"curies":[{"name":"wp","href":"https:\/\/api.w.org\/{rel}","templated":true}]}}