{"id":1503,"date":"2020-11-12T14:06:25","date_gmt":"2020-11-12T13:06:25","guid":{"rendered":"https:\/\/www.h2print.se\/?page_id=1503"},"modified":"2020-11-13T12:08:56","modified_gmt":"2020-11-13T11:08:56","slug":"vi-ar-billigast-pa-tryck","status":"publish","type":"page","link":"https:\/\/www.h2print.com\/en\/vi-ar-billigast-pa-tryck\/","title":{"rendered":"Vi \u00e4r billigast p\u00e5 tryck."},"content":{"rendered":"<div      class=\"vc_row wpb_row section vc_row-fluid  grid_section\" style=' text-align:left;'><div class=\"section_inner clearfix\"><div class='section_inner_margin clearfix'><div class=\"wpb_column vc_column_container vc_col-sm-12\"><div class=\"vc_column-inner\"><div class=\"wpb_wrapper\">\t<div class=\"vc_empty_space\"  style=\"height: 200px\" ><span\n\t\t\tclass=\"vc_empty_space_inner\">\n\t\t\t<span class=\"empty_space_image\"  ><\/span>\n\t\t<\/span><\/div>\n\n\n\t<div class=\"wpb_text_column wpb_content_element\">\n\t\t<div class=\"wpb_wrapper\">\n\t\t\t<h1 style=\"text-align: center;\">Vi \u00e4r billigast p\u00e5 tryck.<br \/>\nDet kan vi n\u00e4stan lova.<\/h1>\n\n\t\t<\/div> \n\t<\/div> \t<div class=\"vc_empty_space\"  style=\"height: 27px\" ><span\n\t\t\tclass=\"vc_empty_space_inner\">\n\t\t\t<span class=\"empty_space_image\"  ><\/span>\n\t\t<\/span><\/div>\n\n\n\t<div class=\"wpb_text_column wpb_content_element\">\n\t\t<div class=\"wpb_wrapper\">\n\t\t\t<p style=\"text-align: center;\">Genom att vi samarbetar med flera leverant\u00f6rer kan vi n\u00e4stan garantera att det pris du f\u00e5r fr\u00e5n oss kommer att vara l\u00e4gre \u00e4n det du f\u00e5tt fr\u00e5n din befintliga leverant\u00f6r. Ju st\u00f6rre trycksaksproduktion desto mer pengar finns det att tj\u00e4na.<br \/>\nF\u00f6rmodligen \u00e4r vi b\u00e4st ocks\u00e5. Testa oss!<\/p>\n\n\t\t<\/div> \n\t<\/div> \t<div class=\"vc_empty_space\"  style=\"height: 100px\" ><span\n\t\t\tclass=\"vc_empty_space_inner\">\n\t\t\t<span class=\"empty_space_image\"  ><\/span>\n\t\t<\/span><\/div>\n\n<\/div><\/div><\/div><\/div><\/div><\/div><div      class=\"vc_row wpb_row section vc_row-fluid  vc_custom_1557226755859 grid_section\" style=' text-align:left;'><div class=\"section_inner clearfix\"><div class='section_inner_margin clearfix'><div class=\"wpb_column vc_column_container vc_col-sm-12\"><div class=\"vc_column-inner\"><div class=\"wpb_wrapper\">\t<div class=\"vc_empty_space\"  style=\"height: 40px\" ><span\n\t\t\tclass=\"vc_empty_space_inner\">\n\t\t\t<span class=\"empty_space_image\"  ><\/span>\n\t\t<\/span><\/div>\n\n\n<div class=\"wpcf7 no-js\" id=\"wpcf7-f1505-o1\" lang=\"en-US\" dir=\"ltr\">\n<div class=\"screen-reader-response\"><p role=\"status\" aria-live=\"polite\" aria-atomic=\"true\"><\/p> <ul><\/ul><\/div>\n<form action=\"\/wp-json\/wp\/v2\/pages\/1503\" method=\"post\" class=\"wpcf7-form init cf7_custom_style_2\" aria-label=\"Contact form\" enctype=\"multipart\/form-data\" novalidate=\"novalidate\" data-status=\"init\" data-trp-original-action=\"\/en\/wp-json\/wp\/v2\/pages\/1503#wpcf7-f1505-o1\">\n<div style=\"display: none;\">\n<input type=\"hidden\" name=\"_wpcf7\" value=\"1505\" \/>\n<input type=\"hidden\" name=\"_wpcf7_version\" value=\"5.9.8\" \/>\n<input type=\"hidden\" name=\"_wpcf7_locale\" value=\"en_US\" \/>\n<input type=\"hidden\" name=\"_wpcf7_unit_tag\" value=\"wpcf7-f1505-o1\" \/>\n<input type=\"hidden\" name=\"_wpcf7_container_post\" value=\"0\" \/>\n<input type=\"hidden\" name=\"_wpcf7_posted_data_hash\" value=\"\" \/>\n<\/div>\n\n<h2>Ladda upp din befintliga offert\n<\/h2>\n<p>Om du vill kan du t\u00e4cka \u00f6ver leverant\u00f6r och pris i dokumentet.<br \/>\nDet viktiga \u00e4r att vi f\u00e5r hela specifikationen och s\u00e5 att vi r\u00e4knar p\u00e5 samma sak.<br \/>\nVi \u00e5terkommer med en offert till dig inom tre arbetsdagar.<br \/>\n<span class=\"wpcf7-form-control-wrap\" data-name=\"file-767\"><input size=\"40\" class=\"wpcf7-form-control wpcf7-file\" accept=\"audio\/*,video\/*,image\/*\" aria-invalid=\"false\" type=\"file\" name=\"file-767\" \/><\/span>\n<\/p>\n<h2>Your details\n<\/h2>\n<div>\n\t<p><span class=\"wpcf7-form-control-wrap\" data-name=\"text-355\"><input size=\"40\" maxlength=\"400\" class=\"wpcf7-form-control wpcf7-text\" aria-invalid=\"false\" placeholder=\"Name\" value=\"\" type=\"text\" name=\"text-355\" \/><\/span>\n\t<\/p>\n<\/div>\n<div>\n\t<p><span class=\"wpcf7-form-control-wrap\" data-name=\"text-311\"><input size=\"40\" maxlength=\"400\" class=\"wpcf7-form-control wpcf7-text\" aria-invalid=\"false\" placeholder=\"Company\" value=\"\" type=\"text\" name=\"text-311\" \/><\/span>\n\t<\/p>\n<\/div>\n<div>\n\t<p><span class=\"wpcf7-form-control-wrap\" data-name=\"email-550\"><input size=\"40\" maxlength=\"400\" class=\"wpcf7-form-control wpcf7-email wpcf7-text wpcf7-validates-as-email\" aria-invalid=\"false\" value=\"Mejladress\" type=\"email\" name=\"email-550\" \/><\/span>\n\t<\/p>\n<\/div>\n<div>\n\t<p><span class=\"wpcf7-form-control-wrap\" data-name=\"tel-353\"><input size=\"40\" maxlength=\"400\" class=\"wpcf7-form-control wpcf7-tel wpcf7-text wpcf7-validates-as-tel\" aria-invalid=\"false\" value=\"Telefonnummer\" type=\"tel\" name=\"tel-353\" \/><\/span>\n\t<\/p>\n<\/div>\n<div>\n\t<p style=\"color: #27607e;\"><span class=\"wpcf7-form-control-wrap\" data-name=\"quiz-213\"><label><span class=\"wpcf7-quiz-label\">Anti-spam question: Which figure is greater, 2 or 6?<\/span> <input size=\"5\" maxlength=\"10\" class=\"wpcf7-form-control wpcf7-quiz\" autocomplete=\"off\" aria-required=\"true\" aria-invalid=\"false\" type=\"text\" name=\"quiz-213\" \/><\/label><input type=\"hidden\" name=\"_wpcf7_quiz_answer_quiz-213\" value=\"387c5baf9fd6ff55800bba14eb6636cb\" \/><\/span>\n\t<\/p>\n<\/div>\n<div>\n\t<p><span class=\"wpcf7-form-control-wrap\" data-name=\"your-consent\"><span class=\"wpcf7-form-control wpcf7-acceptance\"><span class=\"wpcf7-list-item\"><label><input type=\"checkbox\" name=\"your-consent\" value=\"1\" aria-invalid=\"false\" \/><span class=\"wpcf7-list-item-label\">Check to give permission for us to use your contact information to reply.<\/span><\/label><\/span><\/span><\/span>\n\t<\/p>\n<\/div>\n<p><input class=\"wpcf7-form-control wpcf7-submit has-spinner\" type=\"submit\" value=\"SEND\" \/>\n<\/p><p style=\"display: none !important;\" class=\"akismet-fields-container\" data-prefix=\"_wpcf7_ak_\"><label>&#916;<textarea name=\"_wpcf7_ak_hp_textarea\" cols=\"45\" rows=\"8\" maxlength=\"100\"><\/textarea><\/label><input type=\"hidden\" id=\"ak_js_1\" name=\"_wpcf7_ak_js\" value=\"88\"\/><script>document.getElementById( \"ak_js_1\" ).setAttribute( \"value\", ( new Date() ).getTime() );<\/script><\/p><div class=\"wpcf7-response-output\" aria-hidden=\"true\"><\/div>\n<input type=\"hidden\" name=\"trp-form-language\" value=\"en\"\/><\/form>\n<\/div>\n\t<div class=\"vc_empty_space\"  style=\"height: 70px\" ><span\n\t\t\tclass=\"vc_empty_space_inner\">\n\t\t\t<span class=\"empty_space_image\"  ><\/span>\n\t\t<\/span><\/div>\n\n<\/div><\/div><\/div><\/div><\/div><\/div><div      class=\"vc_row wpb_row section vc_row-fluid  vc_custom_1583330694491 grid_section\" style=' text-align:left;'><div class=\"section_inner clearfix\"><div class='section_inner_margin clearfix'><div class=\"wpb_column vc_column_container vc_col-sm-6\"><div class=\"vc_column-inner\"><div class=\"wpb_wrapper\">\t<div class=\"vc_empty_space\"  style=\"height: 27px\" ><span\n\t\t\tclass=\"vc_empty_space_inner\">\n\t\t\t<span class=\"empty_space_image\"  ><\/span>\n\t\t<\/span><\/div>\n\n\n\t<div class=\"wpb_text_column wpb_content_element\">\n\t\t<div class=\"wpb_wrapper\">\n\t\t\t<h2>Your personal contact<\/h2>\n\n\t\t<\/div> \n\t<\/div> \t<div class=\"vc_empty_space\"  style=\"height: 27px\" ><span\n\t\t\tclass=\"vc_empty_space_inner\">\n\t\t\t<span class=\"empty_space_image\"  ><\/span>\n\t\t<\/span><\/div>\n\n\n\t<div class=\"wpb_text_column wpb_content_element\">\n\t\t<div class=\"wpb_wrapper\">\n\t\t\t<p>Vi som arbetar h\u00e4r p\u00e5 H2 Print har m\u00e5nga \u00e5rs erfarenhet fr\u00e5n den grafiska branschen. Allt fr\u00e5n reklambyr\u00e5ns kreativa arbete till tryckeriernas specialistkunskaper om papper och efterbehandlingar har vi i v\u00e5r verktygsl\u00e5da.<\/p>\n\n\t\t<\/div> \n\t<\/div> \t<div class=\"vc_empty_space\"  style=\"height: 27px\" ><span\n\t\t\tclass=\"vc_empty_space_inner\">\n\t\t\t<span class=\"empty_space_image\"  ><\/span>\n\t\t<\/span><\/div>\n\n\n\t<div class=\"wpb_text_column wpb_content_element\">\n\t\t<div class=\"wpb_wrapper\">\n\t\t\t<p>We're with you for the whole journey.<\/p>\n<p>H\u00e5kan och Niclas<\/p>\n\n\t\t<\/div> \n\t<\/div> \t<div class=\"vc_empty_space\"  style=\"height: 27px\" ><span\n\t\t\tclass=\"vc_empty_space_inner\">\n\t\t\t<span class=\"empty_space_image\"  ><\/span>\n\t\t<\/span><\/div>\n\n<\/div><\/div><\/div><div class=\"wpb_column vc_column_container vc_col-sm-3\"><div class=\"vc_column-inner\"><div class=\"wpb_wrapper\">\n\t<div class=\"wpb_single_image wpb_content_element vc_align_left\">\n\t\t<div class=\"wpb_wrapper\">\n\t\t\t\n\t\t\t<div class=\"vc_single_image-wrapper vc_box_circle  vc_box_border_grey\"><img loading=\"lazy\" decoding=\"async\" class=\"vc_single_image-img\" src=\"https:\/\/www.h2print.com\/cms\/wp-content\/uploads\/2019\/06\/Ha\u030akan-1-1105x1105.png\" width=\"1105\" height=\"1105\" alt=\"Ha\u030akan\" title=\"Ha\u030akan\" \/><\/div>\n\t\t<\/div>\n\t<\/div>\n\t<div class=\"vc_empty_space\"  style=\"height: 27px\" ><span\n\t\t\tclass=\"vc_empty_space_inner\">\n\t\t\t<span class=\"empty_space_image\"  ><\/span>\n\t\t<\/span><\/div>\n\n\n\t<div class=\"wpb_text_column wpb_content_element\">\n\t\t<div class=\"wpb_wrapper\">\n\t\t\t<h3 style=\"text-align: center;\">H\u00e5kan<\/h3>\n\n\t\t<\/div> \n\t<\/div> \t<div class=\"vc_empty_space\"  style=\"height: 27px\" ><span\n\t\t\tclass=\"vc_empty_space_inner\">\n\t\t\t<span class=\"empty_space_image\"  ><\/span>\n\t\t<\/span><\/div>\n\n\n\t<div class=\"wpb_text_column wpb_content_element\">\n\t\t<div class=\"wpb_wrapper\">\n\t\t\t<p><strong>Tel.: <a href=\"tel:0737249662\">+46 73-724 96 62<\/a><\/strong><br \/>\n<strong>Email: <a href=\"mailto:hakan.allvar@h2print.com\">hakan.allvar@h2print.com<\/a><\/strong><\/p>\n\n\t\t<\/div> \n\t<\/div> \t<div class=\"vc_empty_space\"  style=\"height: 27px\" ><span\n\t\t\tclass=\"vc_empty_space_inner\">\n\t\t\t<span class=\"empty_space_image\"  ><\/span>\n\t\t<\/span><\/div>\n\n<\/div><\/div><\/div><div class=\"wpb_column vc_column_container vc_col-sm-3\"><div class=\"vc_column-inner\"><div class=\"wpb_wrapper\">\n\t<div class=\"wpb_single_image wpb_content_element vc_align_left\">\n\t\t<div class=\"wpb_wrapper\">\n\t\t\t\n\t\t\t<div class=\"vc_single_image-wrapper vc_box_circle  vc_box_border_grey\"><img loading=\"lazy\" decoding=\"async\" width=\"1122\" height=\"1122\" src=\"https:\/\/www.h2print.com\/cms\/wp-content\/uploads\/2019\/06\/Niklas.png\" class=\"vc_single_image-img attachment-full\" alt=\"\" srcset=\"https:\/\/www.h2print.com\/cms\/wp-content\/uploads\/2019\/06\/Niklas.png 1122w, https:\/\/www.h2print.com\/cms\/wp-content\/uploads\/2019\/06\/Niklas-150x150.png 150w, https:\/\/www.h2print.com\/cms\/wp-content\/uploads\/2019\/06\/Niklas-300x300.png 300w, https:\/\/www.h2print.com\/cms\/wp-content\/uploads\/2019\/06\/Niklas-768x768.png 768w, https:\/\/www.h2print.com\/cms\/wp-content\/uploads\/2019\/06\/Niklas-1024x1024.png 1024w, https:\/\/www.h2print.com\/cms\/wp-content\/uploads\/2019\/06\/Niklas-570x570.png 570w, https:\/\/www.h2print.com\/cms\/wp-content\/uploads\/2019\/06\/Niklas-500x500.png 500w, https:\/\/www.h2print.com\/cms\/wp-content\/uploads\/2019\/06\/Niklas-1000x1000.png 1000w, https:\/\/www.h2print.com\/cms\/wp-content\/uploads\/2019\/06\/Niklas-700x700.png 700w, https:\/\/www.h2print.com\/cms\/wp-content\/uploads\/2019\/06\/Niklas-600x600.png 600w, https:\/\/www.h2print.com\/cms\/wp-content\/uploads\/2019\/06\/Niklas-100x100.png 100w\" sizes=\"(max-width: 1122px) 100vw, 1122px\" \/><\/div>\n\t\t<\/div>\n\t<\/div>\n\t<div class=\"vc_empty_space\"  style=\"height: 27px\" ><span\n\t\t\tclass=\"vc_empty_space_inner\">\n\t\t\t<span class=\"empty_space_image\"  ><\/span>\n\t\t<\/span><\/div>\n\n\n\t<div class=\"wpb_text_column wpb_content_element\">\n\t\t<div class=\"wpb_wrapper\">\n\t\t\t<h3 style=\"text-align: center;\">Niclas<\/h3>\n\n\t\t<\/div> \n\t<\/div> \t<div class=\"vc_empty_space\"  style=\"height: 27px\" ><span\n\t\t\tclass=\"vc_empty_space_inner\">\n\t\t\t<span class=\"empty_space_image\"  ><\/span>\n\t\t<\/span><\/div>\n\n\n\t<div class=\"wpb_text_column wpb_content_element  vc_custom_1600856172365\">\n\t\t<div class=\"wpb_wrapper\">\n\t\t\t<p><strong>Tel.: <a href=\"tel:0708148025\">+46 70-814 80 25<\/a><\/strong><br \/>\n<strong>Em<\/strong><strong>ail: <a href=\"mailto:niclas.gustafsson@h2print.com\">niclas.gustafsson@h2print.com<\/a><\/strong><\/p>\n\n\t\t<\/div> \n\t<\/div> \t<div class=\"vc_empty_space\"  style=\"height: 27px\" ><span\n\t\t\tclass=\"vc_empty_space_inner\">\n\t\t\t<span class=\"empty_space_image\"  ><\/span>\n\t\t<\/span><\/div>\n\n<\/div><\/div><\/div><\/div><\/div><\/div>","protected":false},"excerpt":{"rendered":"Vi \u00e4r billigast p\u00e5 tryck. Det kan vi n\u00e4stan lova. Genom att vi samarbetar med flera leverant\u00f6rer kan vi n\u00e4stan garantera att det pris du f\u00e5r fr\u00e5n oss kommer att...","protected":false},"author":7,"featured_media":0,"parent":0,"menu_order":0,"comment_status":"closed","ping_status":"closed","template":"full_width.php","meta":{"content-type":"","footnotes":""},"class_list":["post-1503","page","type-page","status-publish","hentry"],"_links":{"self":[{"href":"https:\/\/www.h2print.com\/en\/wp-json\/wp\/v2\/pages\/1503"}],"collection":[{"href":"https:\/\/www.h2print.com\/en\/wp-json\/wp\/v2\/pages"}],"about":[{"href":"https:\/\/www.h2print.com\/en\/wp-json\/wp\/v2\/types\/page"}],"author":[{"embeddable":true,"href":"https:\/\/www.h2print.com\/en\/wp-json\/wp\/v2\/users\/7"}],"replies":[{"embeddable":true,"href":"https:\/\/www.h2print.com\/en\/wp-json\/wp\/v2\/comments?post=1503"}],"version-history":[{"count":8,"href":"https:\/\/www.h2print.com\/en\/wp-json\/wp\/v2\/pages\/1503\/revisions"}],"predecessor-version":[{"id":1512,"href":"https:\/\/www.h2print.com\/en\/wp-json\/wp\/v2\/pages\/1503\/revisions\/1512"}],"wp:attachment":[{"href":"https:\/\/www.h2print.com\/en\/wp-json\/wp\/v2\/media?parent=1503"}],"curies":[{"name":"wp","href":"https:\/\/api.w.org\/{rel}","templated":true}]}}