{"id":1292,"date":"2020-03-04T16:21:36","date_gmt":"2020-03-04T15:21:36","guid":{"rendered":"https:\/\/www.h2print.se\/?page_id=1292"},"modified":"2021-02-19T15:35:49","modified_gmt":"2021-02-19T14:35:49","slug":"produktionsbyra","status":"publish","type":"page","link":"https:\/\/www.h2print.com\/en\/produktionsbyra\/","title":{"rendered":"Production agency"},"content":{"rendered":"<div      class=\"vc_row wpb_row section vc_row-fluid\" style=' text-align:left;'><div class=\"full_section_inner clearfix\"><div class=\"wpb_column vc_column_container vc_col-sm-12\"><div class=\"vc_column-inner\"><div class=\"wpb_wrapper\">\t<div class=\"vc_empty_space\"  style=\"height: 200px\" ><span\n\t\t\tclass=\"vc_empty_space_inner\">\n\t\t\t<span class=\"empty_space_image\"  ><\/span>\n\t\t<\/span><\/div>\n\n<\/div><\/div><\/div><\/div><\/div><div      class=\"vc_row wpb_row section vc_row-fluid  grid_section\" style=' text-align:left;'><div class=\"section_inner clearfix\"><div class='section_inner_margin clearfix'><div class=\"wpb_column vc_column_container vc_col-sm-12\"><div class=\"vc_column-inner\"><div class=\"wpb_wrapper\">\n\t<div class=\"wpb_text_column wpb_content_element\">\n\t\t<div class=\"wpb_wrapper\">\n\t\t\t<h1 style=\"text-align: center;\">Production agency<\/h1>\n\n\t\t<\/div> \n\t<\/div> \t<div class=\"vc_empty_space\"  style=\"height: 27px\" ><span\n\t\t\tclass=\"vc_empty_space_inner\">\n\t\t\t<span class=\"empty_space_image\"  ><\/span>\n\t\t<\/span><\/div>\n\n\n\t<div class=\"wpb_text_column wpb_content_element\">\n\t\t<div class=\"wpb_wrapper\">\n\t\t\t<p style=\"text-align: center;\">After many years in the industry, we have created a large network. This enables us to offer services including graphic design, copywriting, photography, original work and prepress, distribution and web. We also have extensive experience in project management for catalogue productions and streamlining workflows through automated print production.<\/p>\n\n\t\t<\/div> \n\t<\/div> \t<div class=\"vc_empty_space\"  style=\"height: 100px\" ><span\n\t\t\tclass=\"vc_empty_space_inner\">\n\t\t\t<span class=\"empty_space_image\"  ><\/span>\n\t\t<\/span><\/div>\n\n<\/div><\/div><\/div><\/div><\/div><\/div><div      class=\"vc_row wpb_row section vc_row-fluid  vc_custom_1581510471476 grid_section full_screen_section\" style=' text-align:left;'><div class=\"section_inner clearfix\"><div class='section_inner_margin clearfix'><div class=\"wpb_column vc_column_container vc_col-sm-3\"><div class=\"vc_column-inner\"><div class=\"wpb_wrapper\">\n\t<div class=\"wpb_single_image wpb_content_element vc_align_left\">\n\t\t<div class=\"wpb_wrapper\">\n\t\t\t\n\t\t\t<div class=\"vc_single_image-wrapper vc_box_circle  vc_box_border_grey\"><img loading=\"lazy\" decoding=\"async\" width=\"1322\" height=\"1322\" src=\"https:\/\/www.h2print.com\/cms\/wp-content\/uploads\/2020\/02\/h2-grafisk-formgivning.jpg\" class=\"vc_single_image-img attachment-full\" alt=\"\" srcset=\"https:\/\/www.h2print.com\/cms\/wp-content\/uploads\/2020\/02\/h2-grafisk-formgivning.jpg 1322w, https:\/\/www.h2print.com\/cms\/wp-content\/uploads\/2020\/02\/h2-grafisk-formgivning-150x150.jpg 150w, https:\/\/www.h2print.com\/cms\/wp-content\/uploads\/2020\/02\/h2-grafisk-formgivning-300x300.jpg 300w, https:\/\/www.h2print.com\/cms\/wp-content\/uploads\/2020\/02\/h2-grafisk-formgivning-768x768.jpg 768w, https:\/\/www.h2print.com\/cms\/wp-content\/uploads\/2020\/02\/h2-grafisk-formgivning-1024x1024.jpg 1024w, https:\/\/www.h2print.com\/cms\/wp-content\/uploads\/2020\/02\/h2-grafisk-formgivning-570x570.jpg 570w, https:\/\/www.h2print.com\/cms\/wp-content\/uploads\/2020\/02\/h2-grafisk-formgivning-500x500.jpg 500w, https:\/\/www.h2print.com\/cms\/wp-content\/uploads\/2020\/02\/h2-grafisk-formgivning-1000x1000.jpg 1000w, https:\/\/www.h2print.com\/cms\/wp-content\/uploads\/2020\/02\/h2-grafisk-formgivning-700x700.jpg 700w, https:\/\/www.h2print.com\/cms\/wp-content\/uploads\/2020\/02\/h2-grafisk-formgivning-600x600.jpg 600w, https:\/\/www.h2print.com\/cms\/wp-content\/uploads\/2020\/02\/h2-grafisk-formgivning-100x100.jpg 100w\" sizes=\"(max-width: 1322px) 100vw, 1322px\" \/><\/div>\n\t\t<\/div>\n\t<\/div>\n\t<div class=\"vc_empty_space\"  style=\"height: 27px\" ><span\n\t\t\tclass=\"vc_empty_space_inner\">\n\t\t\t<span class=\"empty_space_image\"  ><\/span>\n\t\t<\/span><\/div>\n\n\n\t<div class=\"wpb_text_column wpb_content_element\">\n\t\t<div class=\"wpb_wrapper\">\n\t\t\t<h3 style=\"text-align: left;\">Graphic design<\/h3>\n\n\t\t<\/div> \n\t<\/div> \t<div class=\"vc_empty_space\"  style=\"height: 27px\" ><span\n\t\t\tclass=\"vc_empty_space_inner\">\n\t\t\t<span class=\"empty_space_image\"  ><\/span>\n\t\t<\/span><\/div>\n\n\n\t<div class=\"wpb_text_column wpb_content_element\">\n\t\t<div class=\"wpb_wrapper\">\n\t\t\t<p>We can help your business with everything, from logo creation to the full graphic identity. For example, this may include graphic elements, image tonality or how you are presented visually.<\/p>\n\n\t\t<\/div> \n\t<\/div> <\/div><\/div><\/div><div class=\"wpb_column vc_column_container vc_col-sm-3\"><div class=\"vc_column-inner\"><div class=\"wpb_wrapper\">\n\t<div class=\"wpb_single_image wpb_content_element vc_align_left\">\n\t\t<div class=\"wpb_wrapper\">\n\t\t\t\n\t\t\t<div class=\"vc_single_image-wrapper vc_box_circle  vc_box_border_grey\"><img loading=\"lazy\" decoding=\"async\" width=\"1212\" height=\"1212\" src=\"https:\/\/www.h2print.com\/cms\/wp-content\/uploads\/2020\/02\/h2-copywriter.jpg\" class=\"vc_single_image-img attachment-full\" alt=\"\" srcset=\"https:\/\/www.h2print.com\/cms\/wp-content\/uploads\/2020\/02\/h2-copywriter.jpg 1212w, https:\/\/www.h2print.com\/cms\/wp-content\/uploads\/2020\/02\/h2-copywriter-150x150.jpg 150w, https:\/\/www.h2print.com\/cms\/wp-content\/uploads\/2020\/02\/h2-copywriter-300x300.jpg 300w, https:\/\/www.h2print.com\/cms\/wp-content\/uploads\/2020\/02\/h2-copywriter-768x768.jpg 768w, https:\/\/www.h2print.com\/cms\/wp-content\/uploads\/2020\/02\/h2-copywriter-1024x1024.jpg 1024w, https:\/\/www.h2print.com\/cms\/wp-content\/uploads\/2020\/02\/h2-copywriter-570x570.jpg 570w, https:\/\/www.h2print.com\/cms\/wp-content\/uploads\/2020\/02\/h2-copywriter-500x500.jpg 500w, https:\/\/www.h2print.com\/cms\/wp-content\/uploads\/2020\/02\/h2-copywriter-1000x1000.jpg 1000w, https:\/\/www.h2print.com\/cms\/wp-content\/uploads\/2020\/02\/h2-copywriter-700x700.jpg 700w, https:\/\/www.h2print.com\/cms\/wp-content\/uploads\/2020\/02\/h2-copywriter-600x600.jpg 600w, https:\/\/www.h2print.com\/cms\/wp-content\/uploads\/2020\/02\/h2-copywriter-100x100.jpg 100w\" sizes=\"(max-width: 1212px) 100vw, 1212px\" \/><\/div>\n\t\t<\/div>\n\t<\/div>\n\t<div class=\"vc_empty_space\"  style=\"height: 27px\" ><span\n\t\t\tclass=\"vc_empty_space_inner\">\n\t\t\t<span class=\"empty_space_image\"  ><\/span>\n\t\t<\/span><\/div>\n\n\n\t<div class=\"wpb_text_column wpb_content_element\">\n\t\t<div class=\"wpb_wrapper\">\n\t\t\t<h3 style=\"text-align: left;\">Copywriting<\/h3>\n\n\t\t<\/div> \n\t<\/div> \t<div class=\"vc_empty_space\"  style=\"height: 27px\" ><span\n\t\t\tclass=\"vc_empty_space_inner\">\n\t\t\t<span class=\"empty_space_image\"  ><\/span>\n\t\t<\/span><\/div>\n\n\n\t<div class=\"wpb_text_column wpb_content_element\">\n\t\t<div class=\"wpb_wrapper\">\n\t\t\t<p>There is text, and then there is text that sells your business and helps it to develop. We make sure you get the latter.<\/p>\n\n\t\t<\/div> \n\t<\/div> <\/div><\/div><\/div><div class=\"wpb_column vc_column_container vc_col-sm-3\"><div class=\"vc_column-inner\"><div class=\"wpb_wrapper\">\n\t<div class=\"wpb_single_image wpb_content_element vc_align_left\">\n\t\t<div class=\"wpb_wrapper\">\n\t\t\t\n\t\t\t<div class=\"vc_single_image-wrapper vc_box_circle  vc_box_border_grey\"><img loading=\"lazy\" decoding=\"async\" width=\"1785\" height=\"1785\" src=\"https:\/\/www.h2print.com\/cms\/wp-content\/uploads\/2020\/02\/h2-fotografering.jpg\" class=\"vc_single_image-img attachment-full\" alt=\"\" srcset=\"https:\/\/www.h2print.com\/cms\/wp-content\/uploads\/2020\/02\/h2-fotografering.jpg 1785w, https:\/\/www.h2print.com\/cms\/wp-content\/uploads\/2020\/02\/h2-fotografering-150x150.jpg 150w, https:\/\/www.h2print.com\/cms\/wp-content\/uploads\/2020\/02\/h2-fotografering-300x300.jpg 300w, https:\/\/www.h2print.com\/cms\/wp-content\/uploads\/2020\/02\/h2-fotografering-768x768.jpg 768w, https:\/\/www.h2print.com\/cms\/wp-content\/uploads\/2020\/02\/h2-fotografering-1024x1024.jpg 1024w, https:\/\/www.h2print.com\/cms\/wp-content\/uploads\/2020\/02\/h2-fotografering-570x570.jpg 570w, https:\/\/www.h2print.com\/cms\/wp-content\/uploads\/2020\/02\/h2-fotografering-500x500.jpg 500w, https:\/\/www.h2print.com\/cms\/wp-content\/uploads\/2020\/02\/h2-fotografering-1000x1000.jpg 1000w, https:\/\/www.h2print.com\/cms\/wp-content\/uploads\/2020\/02\/h2-fotografering-700x700.jpg 700w, https:\/\/www.h2print.com\/cms\/wp-content\/uploads\/2020\/02\/h2-fotografering-600x600.jpg 600w, https:\/\/www.h2print.com\/cms\/wp-content\/uploads\/2020\/02\/h2-fotografering-100x100.jpg 100w\" sizes=\"(max-width: 1785px) 100vw, 1785px\" \/><\/div>\n\t\t<\/div>\n\t<\/div>\n\t<div class=\"vc_empty_space\"  style=\"height: 27px\" ><span\n\t\t\tclass=\"vc_empty_space_inner\">\n\t\t\t<span class=\"empty_space_image\"  ><\/span>\n\t\t<\/span><\/div>\n\n\n\t<div class=\"wpb_text_column wpb_content_element\">\n\t\t<div class=\"wpb_wrapper\">\n\t\t\t<h3 style=\"text-align: left;\">Photography<\/h3>\n\n\t\t<\/div> \n\t<\/div> \t<div class=\"vc_empty_space\"  style=\"height: 27px\" ><span\n\t\t\tclass=\"vc_empty_space_inner\">\n\t\t\t<span class=\"empty_space_image\"  ><\/span>\n\t\t<\/span><\/div>\n\n\n\t<div class=\"wpb_text_column wpb_content_element\">\n\t\t<div class=\"wpb_wrapper\">\n\t\t\t<p>We help you get professional photographs, whether of your premises, your products or your staff.<\/p>\n\n\t\t<\/div> \n\t<\/div> <\/div><\/div><\/div><div class=\"wpb_column vc_column_container vc_col-sm-3\"><div class=\"vc_column-inner\"><div class=\"wpb_wrapper\">\n\t<div class=\"wpb_single_image wpb_content_element vc_align_left\">\n\t\t<div class=\"wpb_wrapper\">\n\t\t\t\n\t\t\t<div class=\"vc_single_image-wrapper vc_box_circle  vc_box_border_grey\"><img loading=\"lazy\" decoding=\"async\" class=\"vc_single_image-img\" src=\"https:\/\/www.h2print.com\/cms\/wp-content\/uploads\/2020\/02\/h2-original1-1920x1920.jpg\" width=\"1920\" height=\"1920\" alt=\"h2-original1\" title=\"h2-original1\" \/><\/div>\n\t\t<\/div>\n\t<\/div>\n\t<div class=\"vc_empty_space\"  style=\"height: 27px\" ><span\n\t\t\tclass=\"vc_empty_space_inner\">\n\t\t\t<span class=\"empty_space_image\"  ><\/span>\n\t\t<\/span><\/div>\n\n\n\t<div class=\"wpb_text_column wpb_content_element\">\n\t\t<div class=\"wpb_wrapper\">\n\t\t\t<h3>Original work<\/h3>\n\n\t\t<\/div> \n\t<\/div> \t<div class=\"vc_empty_space\"  style=\"height: 27px\" ><span\n\t\t\tclass=\"vc_empty_space_inner\">\n\t\t\t<span class=\"empty_space_image\"  ><\/span>\n\t\t<\/span><\/div>\n\n\n\t<div class=\"wpb_text_column wpb_content_element\">\n\t\t<div class=\"wpb_wrapper\">\n\t\t\t<p>The final touch. The refinements that turn an ordinary image into a fabulous image. The big difference is visible in the step just before the product is transported outside the computer screen. We make sure that all of your images are exceptional.<\/p>\n\n\t\t<\/div> \n\t<\/div> <\/div><\/div><\/div><\/div><\/div><\/div><div      class=\"vc_row wpb_row section vc_row-fluid  vc_custom_1581417967697 grid_section full_screen_section\" style=' text-align:left;'><div class=\"section_inner clearfix\"><div class='section_inner_margin clearfix'><div class=\"wpb_column vc_column_container vc_col-sm-3\"><div class=\"vc_column-inner\"><div class=\"wpb_wrapper\">\n\t<div class=\"wpb_single_image wpb_content_element vc_align_left\">\n\t\t<div class=\"wpb_wrapper\">\n\t\t\t\n\t\t\t<div class=\"vc_single_image-wrapper vc_box_circle  vc_box_border_grey\"><img loading=\"lazy\" decoding=\"async\" class=\"vc_single_image-img\" src=\"https:\/\/www.h2print.com\/cms\/wp-content\/uploads\/2020\/02\/h2-web2-1206x1206.jpg\" width=\"1206\" height=\"1206\" alt=\"h2-web2\" title=\"h2-web2\" \/><\/div>\n\t\t<\/div>\n\t<\/div>\n\t<div class=\"vc_empty_space\"  style=\"height: 27px\" ><span\n\t\t\tclass=\"vc_empty_space_inner\">\n\t\t\t<span class=\"empty_space_image\"  ><\/span>\n\t\t<\/span><\/div>\n\n\n\t<div class=\"wpb_text_column wpb_content_element\">\n\t\t<div class=\"wpb_wrapper\">\n\t\t\t<h3 style=\"text-align: left;\">Web<\/h3>\n\n\t\t<\/div> \n\t<\/div> \t<div class=\"vc_empty_space\"  style=\"height: 27px\" ><span\n\t\t\tclass=\"vc_empty_space_inner\">\n\t\t\t<span class=\"empty_space_image\"  ><\/span>\n\t\t<\/span><\/div>\n\n\n\t<div class=\"wpb_text_column wpb_content_element\">\n\t\t<div class=\"wpb_wrapper\">\n\t\t\t<p>Whether you're looking for a simpler showcase for your business or you need advanced web capability to connect customers to external systems, we can help. Your website is often the first contact a customer has with your brand, which means it's really important.<\/p>\n\n\t\t<\/div> \n\t<\/div> \t<div class=\"vc_empty_space\"  style=\"height: 27px\" ><span\n\t\t\tclass=\"vc_empty_space_inner\">\n\t\t\t<span class=\"empty_space_image\"  ><\/span>\n\t\t<\/span><\/div>\n\n<\/div><\/div><\/div><div class=\"wpb_column vc_column_container vc_col-sm-3\"><div class=\"vc_column-inner\"><div class=\"wpb_wrapper\">\n\t<div class=\"wpb_single_image wpb_content_element vc_align_left\">\n\t\t<div class=\"wpb_wrapper\">\n\t\t\t\n\t\t\t<div class=\"vc_single_image-wrapper vc_box_circle  vc_box_border_grey\"><img loading=\"lazy\" decoding=\"async\" class=\"vc_single_image-img\" src=\"https:\/\/www.h2print.com\/cms\/wp-content\/uploads\/2020\/02\/h2-distribution2-727x727.jpg\" width=\"727\" height=\"727\" alt=\"h2-distribution2\" title=\"h2-distribution2\" \/><\/div>\n\t\t<\/div>\n\t<\/div>\n\t<div class=\"vc_empty_space\"  style=\"height: 27px\" ><span\n\t\t\tclass=\"vc_empty_space_inner\">\n\t\t\t<span class=\"empty_space_image\"  ><\/span>\n\t\t<\/span><\/div>\n\n\n\t<div class=\"wpb_text_column wpb_content_element\">\n\t\t<div class=\"wpb_wrapper\">\n\t\t\t<h3 style=\"text-align: left;\">Distribution<\/h3>\n\n\t\t<\/div> \n\t<\/div> \t<div class=\"vc_empty_space\"  style=\"height: 27px\" ><span\n\t\t\tclass=\"vc_empty_space_inner\">\n\t\t\t<span class=\"empty_space_image\"  ><\/span>\n\t\t<\/span><\/div>\n\n\n\t<div class=\"wpb_text_column wpb_content_element\">\n\t\t<div class=\"wpb_wrapper\">\n\t\t\t<p>We not only help you with your printed material \u2013 we also ensure that it arrives at its destination in a cost-effective way.<\/p>\n\n\t\t<\/div> \n\t<\/div> \t<div class=\"vc_empty_space\"  style=\"height: 27px\" ><span\n\t\t\tclass=\"vc_empty_space_inner\">\n\t\t\t<span class=\"empty_space_image\"  ><\/span>\n\t\t<\/span><\/div>\n\n<\/div><\/div><\/div><div class=\"wpb_column vc_column_container vc_col-sm-3\"><div class=\"vc_column-inner\"><div class=\"wpb_wrapper\">\n\t<div class=\"wpb_single_image wpb_content_element vc_align_left\">\n\t\t<div class=\"wpb_wrapper\">\n\t\t\t\n\t\t\t<div class=\"vc_single_image-wrapper vc_box_circle  vc_box_border_grey\"><img loading=\"lazy\" decoding=\"async\" width=\"864\" height=\"864\" src=\"https:\/\/www.h2print.com\/cms\/wp-content\/uploads\/2020\/02\/h2-automatiserad-printproduktion.jpg\" class=\"vc_single_image-img attachment-full\" alt=\"\" srcset=\"https:\/\/www.h2print.com\/cms\/wp-content\/uploads\/2020\/02\/h2-automatiserad-printproduktion.jpg 864w, https:\/\/www.h2print.com\/cms\/wp-content\/uploads\/2020\/02\/h2-automatiserad-printproduktion-150x150.jpg 150w, https:\/\/www.h2print.com\/cms\/wp-content\/uploads\/2020\/02\/h2-automatiserad-printproduktion-300x300.jpg 300w, https:\/\/www.h2print.com\/cms\/wp-content\/uploads\/2020\/02\/h2-automatiserad-printproduktion-768x768.jpg 768w, https:\/\/www.h2print.com\/cms\/wp-content\/uploads\/2020\/02\/h2-automatiserad-printproduktion-570x570.jpg 570w, https:\/\/www.h2print.com\/cms\/wp-content\/uploads\/2020\/02\/h2-automatiserad-printproduktion-500x500.jpg 500w, https:\/\/www.h2print.com\/cms\/wp-content\/uploads\/2020\/02\/h2-automatiserad-printproduktion-700x700.jpg 700w, https:\/\/www.h2print.com\/cms\/wp-content\/uploads\/2020\/02\/h2-automatiserad-printproduktion-600x600.jpg 600w, https:\/\/www.h2print.com\/cms\/wp-content\/uploads\/2020\/02\/h2-automatiserad-printproduktion-100x100.jpg 100w\" sizes=\"(max-width: 864px) 100vw, 864px\" \/><\/div>\n\t\t<\/div>\n\t<\/div>\n\t<div class=\"vc_empty_space\"  style=\"height: 27px\" ><span\n\t\t\tclass=\"vc_empty_space_inner\">\n\t\t\t<span class=\"empty_space_image\"  ><\/span>\n\t\t<\/span><\/div>\n\n\n\t<div class=\"wpb_text_column wpb_content_element\">\n\t\t<div class=\"wpb_wrapper\">\n\t\t\t<h3 style=\"text-align: left;\">Automated print production<\/h3>\n\n\t\t<\/div> \n\t<\/div> \t<div class=\"vc_empty_space\"  style=\"height: 27px\" ><span\n\t\t\tclass=\"vc_empty_space_inner\">\n\t\t\t<span class=\"empty_space_image\"  ><\/span>\n\t\t<\/span><\/div>\n\n\n\t<div class=\"wpb_text_column wpb_content_element\">\n\t\t<div class=\"wpb_wrapper\">\n\t\t\t<p>We can create database connections to your ERP system. This allows you to efficiently create a good customer experience and manage product information, for example.<\/p>\n\n\t\t<\/div> \n\t<\/div> \t<div class=\"vc_empty_space\"  style=\"height: 27px\" ><span\n\t\t\tclass=\"vc_empty_space_inner\">\n\t\t\t<span class=\"empty_space_image\"  ><\/span>\n\t\t<\/span><\/div>\n\n<\/div><\/div><\/div><div class=\"wpb_column vc_column_container vc_col-sm-3\"><div class=\"vc_column-inner\"><div class=\"wpb_wrapper\"><\/div><\/div><\/div><\/div><\/div><\/div>","protected":false},"excerpt":{"rendered":"Produktionsbyr\u00e5 Efter m\u00e5nga \u00e5r i branschen har vi skapat ett stort n\u00e4tverk omkring oss. Tack vare detta kan vi erbjuda tj\u00e4nster som grafisk formgivning, copywriting, fotografering, originalarbete och prepress, distribution...","protected":false},"author":6,"featured_media":0,"parent":0,"menu_order":0,"comment_status":"closed","ping_status":"closed","template":"full_width.php","meta":{"content-type":"","footnotes":""},"class_list":["post-1292","page","type-page","status-publish","hentry"],"_links":{"self":[{"href":"https:\/\/www.h2print.com\/en\/wp-json\/wp\/v2\/pages\/1292"}],"collection":[{"href":"https:\/\/www.h2print.com\/en\/wp-json\/wp\/v2\/pages"}],"about":[{"href":"https:\/\/www.h2print.com\/en\/wp-json\/wp\/v2\/types\/page"}],"author":[{"embeddable":true,"href":"https:\/\/www.h2print.com\/en\/wp-json\/wp\/v2\/users\/6"}],"replies":[{"embeddable":true,"href":"https:\/\/www.h2print.com\/en\/wp-json\/wp\/v2\/comments?post=1292"}],"version-history":[{"count":36,"href":"https:\/\/www.h2print.com\/en\/wp-json\/wp\/v2\/pages\/1292\/revisions"}],"predecessor-version":[{"id":1698,"href":"https:\/\/www.h2print.com\/en\/wp-json\/wp\/v2\/pages\/1292\/revisions\/1698"}],"wp:attachment":[{"href":"https:\/\/www.h2print.com\/en\/wp-json\/wp\/v2\/media?parent=1292"}],"curies":[{"name":"wp","href":"https:\/\/api.w.org\/{rel}","templated":true}]}}