{"id":1540,"date":"2020-12-15T10:22:16","date_gmt":"2020-12-15T09:22:16","guid":{"rendered":"https:\/\/www.h2print.se\/?page_id=1540"},"modified":"2020-12-15T10:30:46","modified_gmt":"2020-12-15T09:30:46","slug":"tryckeri-goteborg","status":"publish","type":"page","link":"https:\/\/www.h2print.com\/de\/tryckeri-goteborg\/","title":{"rendered":"Tryckeri G\u00f6teborg"},"content":{"rendered":"<div      class=\"vc_row wpb_row section vc_row-fluid  vc_custom_1556190036236 grid_section\" style=' text-align:center;'><div class=\"section_inner clearfix\"><div class='section_inner_margin clearfix'><div class=\"wpb_column vc_column_container vc_col-sm-12\"><div class=\"vc_column-inner\"><div class=\"wpb_wrapper\">\t<div class=\"vc_empty_space\"  style=\"height: 150px\" ><span\n\t\t\tclass=\"vc_empty_space_inner\">\n\t\t\t<span class=\"empty_space_image\"  ><\/span>\n\t\t<\/span><\/div>\n\n\n\t<div class=\"wpb_text_column wpb_content_element\">\n\t\t<div class=\"wpb_wrapper\">\n\t\t\t<h1 style=\"text-align: center;\">Tryckeri G\u00f6teborg<\/h1>\n\n\t\t<\/div> \n\t<\/div> \t<div class=\"vc_empty_space\"  style=\"height: 22px\" ><span\n\t\t\tclass=\"vc_empty_space_inner\">\n\t\t\t<span class=\"empty_space_image\"  ><\/span>\n\t\t<\/span><\/div>\n\n<\/div><\/div><\/div><\/div><\/div><\/div><div      class=\"vc_row wpb_row section vc_row-fluid  qode-elements-border-radius vc_custom_1556190027539 grid_section\" style=' text-align:left;'><div class=\"section_inner clearfix\"><div class='section_inner_margin clearfix'><div class=\"wpb_column vc_column_container vc_col-sm-12 vc_col-lg-4 vc_col-md-4\"><div class=\"vc_column-inner vc_custom_1522848503916\"><div class=\"wpb_wrapper\"><div class='q_elements_holder one_column responsive_mode_from_768' ><div class='q_elements_item  data-animation='no' data-item-class='q_elements_holder_custom_972634' style='background-color:#ffffff;'><div class='q_elements_item_inner'><div class='q_elements_item_content q_elements_holder_custom_972634' style='padding:50px 22px 50px 35px'>\n\t<div class=\"wpb_text_column wpb_content_element\">\n\t\t<div class=\"wpb_wrapper\">\n\t\t\t<h4>Kataloge<\/h4>\n\n\t\t<\/div> \n\t<\/div> \t<div class=\"vc_empty_space\"  style=\"height: 22px\" ><span\n\t\t\tclass=\"vc_empty_space_inner\">\n\t\t\t<span class=\"empty_space_image\"  ><\/span>\n\t\t<\/span><\/div>\n\n\n\t<div class=\"wpb_text_column wpb_content_element\">\n\t\t<div class=\"wpb_wrapper\">\n\t\t\t<p>Format, pappersval, sidantal. Det finns m\u00e5nga aspekter att r\u00e4kna in vid ett katalogtryck, men vi finns h\u00e4r och \u00e4r med dig under hela processen. Vi p\u00e5 H2 Print hj\u00e4lper dig igenom alla steg och ser till att du f\u00e5r en produktion som \u00e4r h\u00e5llbar b\u00e5de ur ett ekonomiskt och milj\u00f6v\u00e4nligt perspektiv. Med en l\u00e5ng erfarenhet av katalogtryck, kan vi g\u00f6ra din vision till verklighet.<\/p>\n\n\t\t<\/div> \n\t<\/div> <\/div><\/div><\/div><\/div><\/div><\/div><\/div><div class=\"wpb_column vc_column_container vc_col-sm-12 vc_col-lg-4 vc_col-md-4\"><div class=\"vc_column-inner vc_custom_1522848552692\"><div class=\"wpb_wrapper\"><div class='q_elements_holder one_column responsive_mode_from_768' ><div class='q_elements_item  data-animation='no' data-item-class='q_elements_holder_custom_221437' style='background-color:#ffffff;'><div class='q_elements_item_inner'><div class='q_elements_item_content q_elements_holder_custom_221437' style='padding:50px 22px 50px 35px'>\n\t<div class=\"wpb_text_column wpb_content_element\">\n\t\t<div class=\"wpb_wrapper\">\n\t\t\t<h4>Magazine<\/h4>\n\n\t\t<\/div> \n\t<\/div> \t<div class=\"vc_empty_space\"  style=\"height: 22px\" ><span\n\t\t\tclass=\"vc_empty_space_inner\">\n\t\t\t<span class=\"empty_space_image\"  ><\/span>\n\t\t<\/span><\/div>\n\n\n\t<div class=\"wpb_text_column wpb_content_element\">\n\t\t<div class=\"wpb_wrapper\">\n\t\t\t<p>Tidningar har existerat i m\u00e5nga \u00e5r och finns idag i en m\u00e4ngd olika varianter. Kundtidning, nyhetsbrev eller reklamblad? Oavsett vilken variant, s\u00e5 ser vi till att jobbet blir gjort. Med moderna tekniker och skickliga samarbetspartner f\u00e5r du en effektiv process och ett resultat som uppfyller dina f\u00f6rv\u00e4ntningar.<\/p>\n\n\t\t<\/div> \n\t<\/div> <\/div><\/div><\/div><\/div><\/div><\/div><\/div><div class=\"wpb_column vc_column_container vc_col-sm-12 vc_col-lg-4 vc_col-md-4\"><div class=\"vc_column-inner vc_custom_1522848558559\"><div class=\"wpb_wrapper\"><div class='q_elements_holder one_column responsive_mode_from_768' ><div class='q_elements_item  data-animation='no' data-item-class='q_elements_holder_custom_498658' style='background-color:#ffffff;'><div class='q_elements_item_inner'><div class='q_elements_item_content q_elements_holder_custom_498658' style='padding:50px 22px 50px 35px'>\n\t<div class=\"wpb_text_column wpb_content_element\">\n\t\t<div class=\"wpb_wrapper\">\n\t\t\t<h4>B\u00fccher<\/h4>\n\n\t\t<\/div> \n\t<\/div> \t<div class=\"vc_empty_space\"  style=\"height: 22px\" ><span\n\t\t\tclass=\"vc_empty_space_inner\">\n\t\t\t<span class=\"empty_space_image\"  ><\/span>\n\t\t<\/span><\/div>\n\n\n\t<div class=\"wpb_text_column wpb_content_element\">\n\t\t<div class=\"wpb_wrapper\">\n\t\t\t<p>F\u00f6r speciella tillf\u00e4llen finns det inget som sl\u00e5r en hederlig bok. Trots digitaliseringen lever b\u00f6cker fortfarande kvar. Vi erbjuder boktryck f\u00f6r s\u00e5v\u00e4l pocketb\u00f6cker som inbundna b\u00f6cker och allt d\u00e4remellan. Hos oss finns en stor kompetens av boktryck och vi kan se till att du f\u00e5r ett resultat helt utefter dina f\u00f6rv\u00e4ntningar.<\/p>\n\n\t\t<\/div> \n\t<\/div> <\/div><\/div><\/div><\/div><\/div><\/div><\/div><\/div><\/div><\/div><div      class=\"vc_row wpb_row section vc_row-fluid  qode-elements-border-radius vc_custom_1556203501877 grid_section\" style=' text-align:left;'><div class=\"section_inner clearfix\"><div class='section_inner_margin clearfix'><div class=\"wpb_column vc_column_container vc_col-sm-12 vc_col-lg-4 vc_col-md-4\"><div class=\"vc_column-inner vc_custom_1556203323874\"><div class=\"wpb_wrapper\"><div class='q_elements_holder one_column responsive_mode_from_768' ><div class='q_elements_item  data-animation='no' data-item-class='q_elements_holder_custom_912517' style='background-color:#ffffff;'><div class='q_elements_item_inner'><div class='q_elements_item_content q_elements_holder_custom_912517' style='padding:50px 22px 50px 35px'>\n\t<div class=\"wpb_text_column wpb_content_element\">\n\t\t<div class=\"wpb_wrapper\">\n\t\t\t<h4>Brosch\u00fcren<\/h4>\n\n\t\t<\/div> \n\t<\/div> \t<div class=\"vc_empty_space\"  style=\"height: 22px\" ><span\n\t\t\tclass=\"vc_empty_space_inner\">\n\t\t\t<span class=\"empty_space_image\"  ><\/span>\n\t\t<\/span><\/div>\n\n\n\t<div class=\"wpb_text_column wpb_content_element\">\n\t\t<div class=\"wpb_wrapper\">\n\t\t\t<p>Broschyren \u00e4r ett av marknadsf\u00f6ringens mest traditionella s\u00e4tt f\u00f6r att n\u00e5 ut till sina kunder. \u00c4n idag anv\u00e4nds broschyrer f\u00f6r marknadsf\u00f6ring och anledningen \u00e4r simpel, det fungerar fortfarande. En broschyr som har helheten ger allt som oftast goda resultat.<\/p>\n\n\t\t<\/div> \n\t<\/div> <\/div><\/div><\/div><\/div><\/div><\/div><\/div><div class=\"wpb_column vc_column_container vc_col-sm-12 vc_col-lg-4 vc_col-md-4\"><div class=\"vc_column-inner vc_custom_1556203330582\"><div class=\"wpb_wrapper\"><div class='q_elements_holder one_column responsive_mode_from_768' ><div class='q_elements_item  data-animation='no' data-item-class='q_elements_holder_custom_630812' style='background-color:#ffffff;'><div class='q_elements_item_inner'><div class='q_elements_item_content q_elements_holder_custom_630812' style='padding:50px 22px 50px 35px'>\n\t<div class=\"wpb_text_column wpb_content_element\">\n\t\t<div class=\"wpb_wrapper\">\n\t\t\t<h4>Val av tryckeri<\/h4>\n\n\t\t<\/div> \n\t<\/div> \t<div class=\"vc_empty_space\"  style=\"height: 22px\" ><span\n\t\t\tclass=\"vc_empty_space_inner\">\n\t\t\t<span class=\"empty_space_image\"  ><\/span>\n\t\t<\/span><\/div>\n\n\n\t<div class=\"wpb_text_column wpb_content_element\">\n\t\t<div class=\"wpb_wrapper\">\n\t\t\t<p>Vi \u00e4r dina experter p\u00e5 tryckeri och garantera dig en personlig service d\u00e4r vi alltid kommer arbeta utifr\u00e5n dina \u00f6nskem\u00e5l. Med bred kompetens och en m\u00e5ng\u00e5rig erfarenhet av branschens olika arbetsomr\u00e5den, ser vi till att v\u00e4lja ett tryckeri som kan leverera de \u00f6nskv\u00e4rda resultaten.<\/p>\n\n\t\t<\/div> \n\t<\/div> <\/div><\/div><\/div><\/div><\/div><\/div><\/div><div class=\"wpb_column vc_column_container vc_col-sm-12 vc_col-lg-4 vc_col-md-4\"><div class=\"vc_column-inner vc_custom_1556203337939\"><div class=\"wpb_wrapper\"><div class='q_elements_holder one_column responsive_mode_from_768' ><div class='q_elements_item  data-animation='no' data-item-class='q_elements_holder_custom_815939' style='background-color:#ffffff;'><div class='q_elements_item_inner'><div class='q_elements_item_content q_elements_holder_custom_815939' style='padding:50px 22px 50px 35px'>\n\t<div class=\"wpb_text_column wpb_content_element\">\n\t\t<div class=\"wpb_wrapper\">\n\t\t\t<h4>Vi finns h\u00e4r<\/h4>\n\n\t\t<\/div> \n\t<\/div> \t<div class=\"vc_empty_space\"  style=\"height: 22px\" ><span\n\t\t\tclass=\"vc_empty_space_inner\">\n\t\t\t<span class=\"empty_space_image\"  ><\/span>\n\t\t<\/span><\/div>\n\n\n\t<div class=\"wpb_text_column wpb_content_element\">\n\t\t<div class=\"wpb_wrapper\">\n\t\t\t<p>H2 Print \u00e4r bel\u00e4gna i G\u00f6teborg men utf\u00f6r arbeten \u00e5t kunder i hela Sverige. Oavsett var i landet du befinner dig s\u00e5 \u00e4r v\u00e5r ambition att vara dig behj\u00e4lplig. Alla ska kunna ta del v\u00e5ra tj\u00e4nster och f\u00e5 kvalitativa produkter fr\u00e5n ett tryckeri utan att det ska vara kr\u00e5ngligt.<\/p>\n\n\t\t<\/div> \n\t<\/div> <\/div><\/div><\/div><\/div><\/div><\/div><\/div><\/div><\/div><\/div><div      class=\"vc_row wpb_row section vc_row-fluid\" style=' text-align:left;'><div class=\"full_section_inner clearfix\"><div class=\"wpb_column vc_column_container vc_col-sm-12\"><div class=\"vc_column-inner\"><div class=\"wpb_wrapper\">\t<div class=\"vc_empty_space\"  style=\"height: 32px\" ><span\n\t\t\tclass=\"vc_empty_space_inner\">\n\t\t\t<span class=\"empty_space_image\"  ><\/span>\n\t\t<\/span><\/div>\n\n\n\t<div class=\"wpb_text_column wpb_content_element\">\n\t\t<div class=\"wpb_wrapper\">\n\t\t\t<h2 style=\"text-align: center;\">F\u00f6rdelarna med H2 Print<\/h2>\n\n\t\t<\/div> \n\t<\/div> \t<div class=\"vc_empty_space\"  style=\"height: 32px\" ><span\n\t\t\tclass=\"vc_empty_space_inner\">\n\t\t\t<span class=\"empty_space_image\"  ><\/span>\n\t\t<\/span><\/div>\n\n<\/div><\/div><\/div><\/div><\/div><div      class=\"vc_row wpb_row section vc_row-fluid  vc_custom_1556183576574 grid_section\" style=' text-align:center;'><div class=\"section_inner clearfix\"><div class='section_inner_margin clearfix'><div class=\"wpb_column vc_column_container vc_col-sm-6\"><div class=\"vc_column-inner vc_custom_1556203267580\"><div class=\"wpb_wrapper\">\n\t<div class=\"wpb_text_column wpb_content_element\">\n\t\t<div class=\"wpb_wrapper\">\n\t\t\t<h5 style=\"text-align: left;\">Langfristige Zusammenarbeit<\/h5>\n\n\t\t<\/div> \n\t<\/div> \t<div class=\"vc_empty_space\"  style=\"height: 22px\" ><span\n\t\t\tclass=\"vc_empty_space_inner\">\n\t\t\t<span class=\"empty_space_image\"  ><\/span>\n\t\t<\/span><\/div>\n\n\n\t<div class=\"wpb_text_column wpb_content_element\">\n\t\t<div class=\"wpb_wrapper\">\n\t\t\t<p style=\"text-align: left;\">Mit uns entscheiden Sie sich f\u00fcr einen finanziell soliden Lieferanten, auf den stets Verlass ist. Unser Konzept erm\u00f6glicht ausgesprochen flexible L\u00f6sungen, die mit gr\u00f6\u00dfter Zuverl\u00e4ssigkeit geliefert werden. Da wir unsererseits mit zahlreichen Partnern zusammenarbeiten, bieten wir im Vergleich zum Wettbewerb eine besonders hohe Liefersicherheit.<\/p>\n\n\t\t<\/div> \n\t<\/div> \t<div class=\"vc_empty_space\"  style=\"height: 22px\" ><span\n\t\t\tclass=\"vc_empty_space_inner\">\n\t\t\t<span class=\"empty_space_image\"  ><\/span>\n\t\t<\/span><\/div>\n\n\n\t<div class=\"wpb_text_column wpb_content_element\">\n\t\t<div class=\"wpb_wrapper\">\n\t\t\t<h5 style=\"text-align: left;\">Clevere L\u00f6sungen<\/h5>\n\n\t\t<\/div> \n\t<\/div> \t<div class=\"vc_empty_space\"  style=\"height: 22px\" ><span\n\t\t\tclass=\"vc_empty_space_inner\">\n\t\t\t<span class=\"empty_space_image\"  ><\/span>\n\t\t<\/span><\/div>\n\n\n\t<div class=\"wpb_text_column wpb_content_element\">\n\t\t<div class=\"wpb_wrapper\">\n\t\t\t<p style=\"text-align: left;\">Wir finden die beste L\u00f6sung f\u00fcr Ihr Projekt. Fast immer g\u00e4be es eine noch bessere und intelligentere L\u00f6sung \u2013 wenn man nur genug Zeit h\u00e4tte. Zeit, die unsere Kunden in der Regel nicht haben, wir uns aber gerne nehmen. Wir suchen stets nach der cleversten L\u00f6sung, um Ihnen das bestm\u00f6gliche Ergebnis liefern zu k\u00f6nnen. Um dieses Ziel zu erreichen, entwickeln wir auch unser Konzept laufend weiter.<\/p>\n\n\t\t<\/div> \n\t<\/div> <\/div><\/div><\/div><div class=\"wpb_column vc_column_container vc_col-sm-6\"><div class=\"vc_column-inner vc_custom_1556203275005\"><div class=\"wpb_wrapper\">\n\t<div class=\"wpb_single_image wpb_content_element vc_align_left\">\n\t\t<div class=\"wpb_wrapper\">\n\t\t\t\n\t\t\t<div class=\"vc_single_image-wrapper   vc_box_border_grey\"><img loading=\"lazy\" decoding=\"async\" width=\"1210\" height=\"936\" src=\"https:\/\/www.h2print.com\/cms\/wp-content\/uploads\/2020\/02\/h2-katalog-nordhem-liggande-med-uppslag.png\" class=\"vc_single_image-img attachment-full\" alt=\"\" srcset=\"https:\/\/www.h2print.com\/cms\/wp-content\/uploads\/2020\/02\/h2-katalog-nordhem-liggande-med-uppslag.png 1210w, https:\/\/www.h2print.com\/cms\/wp-content\/uploads\/2020\/02\/h2-katalog-nordhem-liggande-med-uppslag-300x232.png 300w, https:\/\/www.h2print.com\/cms\/wp-content\/uploads\/2020\/02\/h2-katalog-nordhem-liggande-med-uppslag-768x594.png 768w, https:\/\/www.h2print.com\/cms\/wp-content\/uploads\/2020\/02\/h2-katalog-nordhem-liggande-med-uppslag-1024x792.png 1024w, https:\/\/www.h2print.com\/cms\/wp-content\/uploads\/2020\/02\/h2-katalog-nordhem-liggande-med-uppslag-700x541.png 700w, https:\/\/www.h2print.com\/cms\/wp-content\/uploads\/2020\/02\/h2-katalog-nordhem-liggande-med-uppslag-600x464.png 600w\" sizes=\"(max-width: 1210px) 100vw, 1210px\" \/><\/div>\n\t\t<\/div>\n\t<\/div>\n<\/div><\/div><\/div><\/div><\/div><\/div><div      class=\"vc_row wpb_row section vc_row-fluid  vc_custom_1556183576574 grid_section\" style=' text-align:center;'><div class=\"section_inner clearfix\"><div class='section_inner_margin clearfix'><div class=\"wpb_column vc_column_container vc_col-sm-6\"><div class=\"vc_column-inner vc_custom_1556203252550\"><div class=\"wpb_wrapper\">\n\t<div class=\"wpb_single_image wpb_content_element vc_align_left\">\n\t\t<div class=\"wpb_wrapper\">\n\t\t\t\n\t\t\t<div class=\"vc_single_image-wrapper   vc_box_border_grey\"><img loading=\"lazy\" decoding=\"async\" width=\"1500\" height=\"817\" src=\"https:\/\/www.h2print.com\/cms\/wp-content\/uploads\/2020\/02\/h2-bok-fmmattsson3.png\" class=\"vc_single_image-img attachment-full\" alt=\"\" srcset=\"https:\/\/www.h2print.com\/cms\/wp-content\/uploads\/2020\/02\/h2-bok-fmmattsson3.png 1500w, https:\/\/www.h2print.com\/cms\/wp-content\/uploads\/2020\/02\/h2-bok-fmmattsson3-300x163.png 300w, https:\/\/www.h2print.com\/cms\/wp-content\/uploads\/2020\/02\/h2-bok-fmmattsson3-768x418.png 768w, https:\/\/www.h2print.com\/cms\/wp-content\/uploads\/2020\/02\/h2-bok-fmmattsson3-1024x558.png 1024w, https:\/\/www.h2print.com\/cms\/wp-content\/uploads\/2020\/02\/h2-bok-fmmattsson3-700x381.png 700w, https:\/\/www.h2print.com\/cms\/wp-content\/uploads\/2020\/02\/h2-bok-fmmattsson3-600x327.png 600w\" sizes=\"(max-width: 1500px) 100vw, 1500px\" \/><\/div>\n\t\t<\/div>\n\t<\/div>\n<\/div><\/div><\/div><div class=\"wpb_column vc_column_container vc_col-sm-6\"><div class=\"vc_column-inner vc_custom_1556203260265\"><div class=\"wpb_wrapper\">\n\t<div class=\"wpb_text_column wpb_content_element\">\n\t\t<div class=\"wpb_wrapper\">\n\t\t\t<h5 style=\"text-align: left;\">Pers\u00f6nlicher Kontakt<\/h5>\n\n\t\t<\/div> \n\t<\/div> \t<div class=\"vc_empty_space\"  style=\"height: 22px\" ><span\n\t\t\tclass=\"vc_empty_space_inner\">\n\t\t\t<span class=\"empty_space_image\"  ><\/span>\n\t\t<\/span><\/div>\n\n\n\t<div class=\"wpb_text_column wpb_content_element\">\n\t\t<div class=\"wpb_wrapper\">\n\t\t\t<p style=\"text-align: left;\">Der pers\u00f6nliche Kontakt ist f\u00fcr uns das A und O. Denn kein noch so smartes System kann echten Austausch ersetzen \u2013 davon sind wir bei H2\u00a0Print nach jahrelanger Erfahrung in der Grafikbranche \u00fcberzeugt. Bei uns sprechen Sie stets mit demselben Ansprechpartner, der wei\u00df, worauf es gerade bei Ihnen ankommt.<\/p>\n\n\t\t<\/div> \n\t<\/div> \t<div class=\"vc_empty_space\"  style=\"height: 22px\" ><span\n\t\t\tclass=\"vc_empty_space_inner\">\n\t\t\t<span class=\"empty_space_image\"  ><\/span>\n\t\t<\/span><\/div>\n\n\n\t<div class=\"wpb_text_column wpb_content_element\">\n\t\t<div class=\"wpb_wrapper\">\n\t\t\t<h5 style=\"text-align: left;\">Zeitersparnis<\/h5>\n\n\t\t<\/div> \n\t<\/div> \t<div class=\"vc_empty_space\"  style=\"height: 22px\" ><span\n\t\t\tclass=\"vc_empty_space_inner\">\n\t\t\t<span class=\"empty_space_image\"  ><\/span>\n\t\t<\/span><\/div>\n\n\n\t<div class=\"wpb_text_column wpb_content_element\">\n\t\t<div class=\"wpb_wrapper\">\n\t\t\t<p style=\"text-align: left;\">Mit uns sparen Sie sich das zeitaufwendige Suchen einer passenden Druckerei f\u00fcr das jeweilige Druckerzeugnis. Wir wissen, worauf es dabei ankommt, und \u00fcbernehmen das f\u00fcr Sie.<\/p>\n\n\t\t<\/div> \n\t<\/div> <\/div><\/div><\/div><\/div><\/div><\/div>","protected":false},"excerpt":{"rendered":"Tryckeri G\u00f6teborg Tidningstryck Tidningar har existerat i m\u00e5nga \u00e5r och finns idag i en m\u00e4ngd olika varianter. Kundtidning, nyhetsbrev eller reklamblad? Oavsett vilken variant, s\u00e5 ser vi till att jobbet...","protected":false},"author":6,"featured_media":0,"parent":0,"menu_order":0,"comment_status":"closed","ping_status":"closed","template":"full_width.php","meta":{"content-type":"","footnotes":""},"class_list":["post-1540","page","type-page","status-publish","hentry"],"_links":{"self":[{"href":"https:\/\/www.h2print.com\/de\/wp-json\/wp\/v2\/pages\/1540"}],"collection":[{"href":"https:\/\/www.h2print.com\/de\/wp-json\/wp\/v2\/pages"}],"about":[{"href":"https:\/\/www.h2print.com\/de\/wp-json\/wp\/v2\/types\/page"}],"author":[{"embeddable":true,"href":"https:\/\/www.h2print.com\/de\/wp-json\/wp\/v2\/users\/6"}],"replies":[{"embeddable":true,"href":"https:\/\/www.h2print.com\/de\/wp-json\/wp\/v2\/comments?post=1540"}],"version-history":[{"count":2,"href":"https:\/\/www.h2print.com\/de\/wp-json\/wp\/v2\/pages\/1540\/revisions"}],"predecessor-version":[{"id":1542,"href":"https:\/\/www.h2print.com\/de\/wp-json\/wp\/v2\/pages\/1540\/revisions\/1542"}],"wp:attachment":[{"href":"https:\/\/www.h2print.com\/de\/wp-json\/wp\/v2\/media?parent=1540"}],"curies":[{"name":"wp","href":"https:\/\/api.w.org\/{rel}","templated":true}]}}